{"id":31949,"date":"2026-02-02T20:36:39","date_gmt":"2026-02-02T20:36:39","guid":{"rendered":"https:\/\/motocultureservices.com\/?post_type=product&#038;p=31949"},"modified":"2026-02-02T20:37:09","modified_gmt":"2026-02-02T20:37:09","slug":"herse-a-dents-fixes-eppr50-50-dents-250-cm-renforcee","status":"publish","type":"product","link":"https:\/\/motocultureservices.com\/en\/product\/herse-a-dents-fixes-eppr50-50-dents-250-cm-renforcee\/","title":{"rendered":"Herse \u00e0 dents fixes EPPR50 \u2013 50 dents \/ 250 cm renforc\u00e9e"},"content":{"rendered":"<div class=\"elementor-element elementor-element-1caffc0 elementor-widget elementor-widget-wd_title\" data-id=\"1caffc0\" data-element_type=\"widget\" data-widget_type=\"wd_title.default\">\n<div class=\"elementor-widget-container\">\n<div class=\"title-wrapper set-mb-s reset-last-child wd-title-color-default wd-title-style-default wd-title-size-default text-left\">\n<div class=\"liner-continer\">\n<h4 class=\"woodmart-title-container title wd-fontsize-l\">Description<\/h4>\n<p><span style=\"color: #ffffff;\">Herse \u00e0 dents fixes EPPR50 \u2013 50 dents \/ 250 cm renforc\u00e9e<\/span><\/p>\n<\/div>\n<\/div>\n<\/div>\n<\/div>\n<div class=\"elementor-element elementor-element-e24b901 wd-single-content elementor-widget elementor-widget-wd_single_product_content\" data-id=\"e24b901\" data-element_type=\"widget\" data-widget_type=\"wd_single_product_content.default\">\n<div class=\"elementor-widget-container\">\n<p>La herse \u00e0 dents\u00a0<strong>AgriEuro EPPR50\u00a0<\/strong>est un outil robuste et durable pour le raffinage du terrain.<\/p>\n<p>Outil rabatable sur lui-m\u00eame durant le transport et le remisag<a href=\"http:\/\/shopper-markt.com\">e<\/a> r\u00e9duisant ainsi l\u2019encombrement.<\/p>\n<p><strong>EPPR50<\/strong>\u00a0\u00e8 dot\u00e9e d\u2019un ch\u00e2ssis renforc\u00e9 qui permet \u00e0 l\u2019outil de durer plus dans le temps et de travailler plus intens\u00e9ment avec des tracteurs de puissance \u00e9lev\u00e9e.<\/p>\n<p><strong>Cette version \u00e0 50 dents s\u2019\u00e9tend pour travailler une superficie jusqu\u2019\u00e0 2,5 m<a href=\"https:\/\/www.lacuma-motocultures.com\/\">.<\/a><\/strong><\/p>\n<p>Gr\u00e2ce \u00e0 son double raccord et \u00e0 ses dents orient\u00e9es, l\u2019outil peut \u00eatre\u00a0<span lang=\"FR\">utilis\u00e9\u00a0<\/span>de fa\u00e7on plus ou moins agressive sur le terrain, en\u00a0<span lang=\"FR\">choisissant\u00a0<\/span>par exemple de briser ou pas de grandes parcelles de manteaux herbeux.<\/p>\n<p>Elle est utilis\u00e9e pour briser les mottes et niveler la surface, en pr\u00e9parant le terrain pour un semis correct sans d\u00e9nivel\u00e9 et sans\u00a0<span lang=\"FR\">risque\u00a0<\/span>de stagnation de l\u2019eau.<\/p>\n<p>&nbsp;<\/p>\n<\/div>\n<\/div>","protected":false},"excerpt":{"rendered":"<p>Il peut \u00eatre aussi utilis\u00e9 pour enterrer l\u2019engrais et travaux similaires.<\/p>\n<p>Il s\u2019agit d\u2019un engin agricole qui peut \u00eatre utilis\u00e9\u00a0<strong>port\u00e9 ou tract\u00e9<\/strong>\u00a0\u00e0 l\u2019arri\u00e8re d\u2019un tracteur selon les exigences et votre propre moyen de tractage.<\/p>\n<p>Les\u00a0<span lang=\"FR\">dents\u00a0<\/span>sont boulonn\u00e9es individuellement, orientables et rempla\u00e7ables facilement.<\/p>\n<p>Tout l\u2019outil peut \u00eatre\u00a0<span id=\"umb555410\" class=\"hovertag\">rabattu sur lui-m\u00eame<\/span>\u00a0durant le transport et le remisage\u00a0<span lang=\"FR\">simplement\u00a0<\/span>par le biais d\u2019un m\u00e9canisme \u00e0 ressort, ce qui permet de\u00a0<span lang=\"FR\">r\u00e9duire\u00a0<\/span>d\u2019un m\u00e8tre sa largeur de mani\u00e8re pratique et rapide.<\/p>\n<p>Produit\u00a0<span id=\"umb555307\" class=\"hovertag\">Fabriqu\u00e9 en Italie<\/span>.<\/p>","protected":false},"featured_media":31983,"comment_status":"closed","ping_status":"closed","template":"","meta":[],"product_brand":[],"product_cat":[394],"product_tag":[],"class_list":{"0":"post-31949","1":"product","2":"type-product","3":"status-publish","4":"has-post-thumbnail","6":"product_cat-travail-et-entretien-du-terrain-machines-agricoles-a-tracteur","8":"first","9":"instock","10":"shipping-taxable","11":"purchasable","12":"product-type-simple"},"_links":{"self":[{"href":"https:\/\/motocultureservices.com\/en\/wp-json\/wp\/v2\/product\/31949","targetHints":{"allow":["GET"]}}],"collection":[{"href":"https:\/\/motocultureservices.com\/en\/wp-json\/wp\/v2\/product"}],"about":[{"href":"https:\/\/motocultureservices.com\/en\/wp-json\/wp\/v2\/types\/product"}],"replies":[{"embeddable":true,"href":"https:\/\/motocultureservices.com\/en\/wp-json\/wp\/v2\/comments?post=31949"}],"version-history":[{"count":1,"href":"https:\/\/motocultureservices.com\/en\/wp-json\/wp\/v2\/product\/31949\/revisions"}],"predecessor-version":[{"id":31984,"href":"https:\/\/motocultureservices.com\/en\/wp-json\/wp\/v2\/product\/31949\/revisions\/31984"}],"wp:featuredmedia":[{"embeddable":true,"href":"https:\/\/motocultureservices.com\/en\/wp-json\/wp\/v2\/media\/31983"}],"wp:attachment":[{"href":"https:\/\/motocultureservices.com\/en\/wp-json\/wp\/v2\/media?parent=31949"}],"wp:term":[{"taxonomy":"product_brand","embeddable":true,"href":"https:\/\/motocultureservices.com\/en\/wp-json\/wp\/v2\/product_brand?post=31949"},{"taxonomy":"product_cat","embeddable":true,"href":"https:\/\/motocultureservices.com\/en\/wp-json\/wp\/v2\/product_cat?post=31949"},{"taxonomy":"product_tag","embeddable":true,"href":"https:\/\/motocultureservices.com\/en\/wp-json\/wp\/v2\/product_tag?post=31949"}],"curies":[{"name":"wp","href":"https:\/\/api.w.org\/{rel}","templated":true}]}}