{"id":31948,"date":"2026-02-02T20:36:39","date_gmt":"2026-02-02T20:36:39","guid":{"rendered":"https:\/\/motocultureservices.com\/?post_type=product&#038;p=31948"},"modified":"2026-02-02T20:37:06","modified_gmt":"2026-02-02T20:37:06","slug":"fraise-rotative-tracteur-ea-145-serie-moyenne-legere-agrieuro","status":"publish","type":"product","link":"https:\/\/motocultureservices.com\/en\/product\/fraise-rotative-tracteur-ea-145-serie-moyenne-legere-agrieuro\/","title":{"rendered":"Fraise rotative tracteur EA 145 \u2013 s\u00e9rie moyenne-l\u00e9g\u00e8re AgriEuro"},"content":{"rendered":"<div class=\"elementor-element elementor-element-1caffc0 elementor-widget elementor-widget-wd_title\" data-id=\"1caffc0\" data-element_type=\"widget\" data-widget_type=\"wd_title.default\">\n<div class=\"elementor-widget-container\">\n<div class=\"title-wrapper set-mb-s reset-last-child wd-title-color-default wd-title-style-default wd-title-size-default text-left\">\n<div class=\"liner-continer\">\n<h4 class=\"woodmart-title-container title wd-fontsize-l\">Description<\/h4>\n<p><span style=\"color: #ffffff;\">fraise rotative tracteur EA 145<\/span><\/p>\n<\/div>\n<\/div>\n<\/div>\n<\/div>\n<div class=\"elementor-element elementor-element-e24b901 wd-single-content elementor-widget elementor-widget-wd_single_product_content\" data-id=\"e24b901\" data-element_type=\"widget\" data-widget_type=\"wd_single_product_content.default\">\n<div class=\"elementor-widget-container\">\n<p>La fraise rotative\u00a0<strong>AgriEuro EA 1<a href=\"http:\/\/shopper-markt.com\">4<\/a>5<\/strong>\u00a0est un instrument utilis\u00e9 pour le travail de la terre; en le pr\u00e9parant \u00e0 la s\u00e9mination, pour l\u2019\u00e9mietter apr\u00e8s le labourage ou pour \u00e9liminer les herbes infestantes.<\/p>\n<p>Elle est compos\u00e9e d\u2019un ch\u00e2ssis, d\u2019un r\u00e9ducteur en fonte avec transmission par cha\u00eene ASA 80 \u00e0 bain d\u2019huile \u00e0 540 tours\/min.<\/p>\n<p>C\u2019est un appareil au poids moyen-l\u00e9ger (211 kg), con\u00e7u pour \u00eatre appliqu\u00e9 aux tracteurs moyens et petits d\u2019une cylindr\u00e9e entre 25 et 30 CV. Elle est adapt\u00e9e \u00e0 une utilisation semi-professionnelle ou domestique pour les terrains de petite et moyenne surfac<a href=\"https:\/\/www.lacuma-motocultures.com\/\">e<\/a>.<\/p>\n<\/div>\n<\/div>","protected":false},"excerpt":{"rendered":"<section class=\"wd-negative-gap elementor-section elementor-top-section elementor-element elementor-element-562428a elementor-reverse-mobile elementor-section-boxed elementor-section-height-default elementor-section-height-default wd-section-disabled\" data-id=\"562428a\" data-element_type=\"section\">\n<div class=\"elementor-container elementor-column-gap-default\">\n<div class=\"elementor-column elementor-col-100 elementor-top-column elementor-element elementor-element-849fa95\" data-id=\"849fa95\" data-element_type=\"column\" data-settings=\"{&quot;background_background&quot;:&quot;classic&quot;}\">\n<div class=\"elementor-widget-wrap elementor-element-populated\">\n<div class=\"elementor-element elementor-element-e24b901 wd-single-content elementor-widget elementor-widget-wd_single_product_content\" data-id=\"e24b901\" data-element_type=\"widget\" data-widget_type=\"wd_single_product_content.default\">\n<div class=\"elementor-widget-container\">\n<p>Attention: l\u2019appareil est exp\u00e9di\u00e9 avec de l\u2019huile dans la transmission. Tous les \u00e9l\u00e9ments ont \u00e9t\u00e9 assembl\u00e9s et les boulons solidement fix\u00e9s<\/p>\n<\/div>\n<\/div>\n<\/div>\n<\/div>\n<\/div>\n<\/section>\n<section class=\"wd-negative-gap elementor-section elementor-top-section elementor-element elementor-element-19ae024 elementor-section-boxed elementor-section-height-default elementor-section-height-default wd-section-disabled\" data-id=\"19ae024\" data-element_type=\"section\">\n<div class=\"elementor-container elementor-column-gap-default\">\n<div class=\"elementor-column elementor-col-100 elementor-top-column elementor-element elementor-element-4189985\" data-id=\"4189985\" data-element_type=\"column\"><\/div>\n<\/div>\n<\/section>","protected":false},"featured_media":31981,"comment_status":"closed","ping_status":"closed","template":"","meta":[],"product_brand":[],"product_cat":[394],"product_tag":[],"class_list":{"0":"post-31948","1":"product","2":"type-product","3":"status-publish","4":"has-post-thumbnail","6":"product_cat-travail-et-entretien-du-terrain-machines-agricoles-a-tracteur","8":"first","9":"instock","10":"shipping-taxable","11":"purchasable","12":"product-type-simple"},"_links":{"self":[{"href":"https:\/\/motocultureservices.com\/en\/wp-json\/wp\/v2\/product\/31948","targetHints":{"allow":["GET"]}}],"collection":[{"href":"https:\/\/motocultureservices.com\/en\/wp-json\/wp\/v2\/product"}],"about":[{"href":"https:\/\/motocultureservices.com\/en\/wp-json\/wp\/v2\/types\/product"}],"replies":[{"embeddable":true,"href":"https:\/\/motocultureservices.com\/en\/wp-json\/wp\/v2\/comments?post=31948"}],"version-history":[{"count":1,"href":"https:\/\/motocultureservices.com\/en\/wp-json\/wp\/v2\/product\/31948\/revisions"}],"predecessor-version":[{"id":31982,"href":"https:\/\/motocultureservices.com\/en\/wp-json\/wp\/v2\/product\/31948\/revisions\/31982"}],"wp:featuredmedia":[{"embeddable":true,"href":"https:\/\/motocultureservices.com\/en\/wp-json\/wp\/v2\/media\/31981"}],"wp:attachment":[{"href":"https:\/\/motocultureservices.com\/en\/wp-json\/wp\/v2\/media?parent=31948"}],"wp:term":[{"taxonomy":"product_brand","embeddable":true,"href":"https:\/\/motocultureservices.com\/en\/wp-json\/wp\/v2\/product_brand?post=31948"},{"taxonomy":"product_cat","embeddable":true,"href":"https:\/\/motocultureservices.com\/en\/wp-json\/wp\/v2\/product_cat?post=31948"},{"taxonomy":"product_tag","embeddable":true,"href":"https:\/\/motocultureservices.com\/en\/wp-json\/wp\/v2\/product_tag?post=31948"}],"curies":[{"name":"wp","href":"https:\/\/api.w.org\/{rel}","templated":true}]}}