{"id":31943,"date":"2026-02-02T20:36:39","date_gmt":"2026-02-02T20:36:39","guid":{"rendered":"https:\/\/motocultureservices.com\/?post_type=product&#038;p=31943"},"modified":"2026-02-02T20:36:55","modified_gmt":"2026-02-02T20:36:55","slug":"fraise-pour-tracteur-serie-medium-agrieuro-ur-204","status":"publish","type":"product","link":"https:\/\/motocultureservices.com\/en\/product\/fraise-pour-tracteur-serie-medium-agrieuro-ur-204\/","title":{"rendered":"Fraise pour tracteur s\u00e9rie m\u00e9dium AgriEuro UR 204"},"content":{"rendered":"<div class=\"elementor-element elementor-element-1caffc0 elementor-widget elementor-widget-wd_title\" data-id=\"1caffc0\" data-element_type=\"widget\" data-widget_type=\"wd_title.default\">\n<div class=\"elementor-widget-container\">\n<div class=\"title-wrapper set-mb-s reset-last-child wd-title-color-default wd-title-style-default wd-title-size-default text-left\">\n<div class=\"liner-continer\">\n<h4 class=\"woodmart-title-container title wd-fontsize-l\">Description<\/h4>\n<p><span style=\"color: #ffffff;\">fraise rotative UR 204<\/span><\/p>\n<\/div>\n<\/div>\n<\/div>\n<\/div>\n<div class=\"elementor-element elementor-element-e24b901 wd-single-content elementor-widget elementor-widget-wd_single_product_content\" data-id=\"e24b901\" data-element_type=\"widget\" data-widget_type=\"wd_single_product_content.default\">\n<div class=\"elementor-widget-container\">\n<p><strong>S\u00e9rie M\u00c9DIUM<br \/>\n<\/strong>Largeur de travail r\u00e9elle :\u00a0<strong>204 cm<\/strong>\u00a0pour tracteur de plus de 60 CV<\/p>\n<hr \/>\n<p>La nouvelle fraise pour tracteur s\u00e9rie UR est robuste et semi-professionnelle. Une machine de bonne fabrication, de poids moyen et maniable con\u00e7ue pour \u00eatre attel\u00e9e \u00e0 des tracteurs de petites et moyennes dimensions.<\/p>\n<p><em><a href=\"https:\/\/www.lacuma-motocultures.com\/\">*<\/a>De nombreuses fraises vendues aujourd\u2019hui sur internet sont\u00a0<span class=\"Stile20rosso\">fabriqu\u00e9s en Chine<\/span>, sans que la provenance en soit toujours clairement indiqu\u00e9e. Nous vous invitons \u00e0 toujours v\u00e9rifier la provenance r\u00e9elle de la fraise<a href=\"https:\/\/shopper-markt.com\/?product_cat=&amp;s=&amp;post_type=product\">.<\/a><\/em><\/p>\n<\/div>\n<\/div>","protected":false},"excerpt":{"rendered":"<p>Description fraise rotative UR 204 S\u00e9rie M\u00c9DIUM Largeur de travail r\u00e9elle :\u00a0204 cm\u00a0pour tracteur de plus de 60 CV La<\/p>","protected":false},"featured_media":31971,"comment_status":"closed","ping_status":"closed","template":"","meta":[],"product_brand":[],"product_cat":[394],"product_tag":[],"class_list":{"0":"post-31943","1":"product","2":"type-product","3":"status-publish","4":"has-post-thumbnail","6":"product_cat-travail-et-entretien-du-terrain-machines-agricoles-a-tracteur","8":"first","9":"instock","10":"shipping-taxable","11":"purchasable","12":"product-type-simple"},"_links":{"self":[{"href":"https:\/\/motocultureservices.com\/en\/wp-json\/wp\/v2\/product\/31943","targetHints":{"allow":["GET"]}}],"collection":[{"href":"https:\/\/motocultureservices.com\/en\/wp-json\/wp\/v2\/product"}],"about":[{"href":"https:\/\/motocultureservices.com\/en\/wp-json\/wp\/v2\/types\/product"}],"replies":[{"embeddable":true,"href":"https:\/\/motocultureservices.com\/en\/wp-json\/wp\/v2\/comments?post=31943"}],"version-history":[{"count":1,"href":"https:\/\/motocultureservices.com\/en\/wp-json\/wp\/v2\/product\/31943\/revisions"}],"predecessor-version":[{"id":31972,"href":"https:\/\/motocultureservices.com\/en\/wp-json\/wp\/v2\/product\/31943\/revisions\/31972"}],"wp:featuredmedia":[{"embeddable":true,"href":"https:\/\/motocultureservices.com\/en\/wp-json\/wp\/v2\/media\/31971"}],"wp:attachment":[{"href":"https:\/\/motocultureservices.com\/en\/wp-json\/wp\/v2\/media?parent=31943"}],"wp:term":[{"taxonomy":"product_brand","embeddable":true,"href":"https:\/\/motocultureservices.com\/en\/wp-json\/wp\/v2\/product_brand?post=31943"},{"taxonomy":"product_cat","embeddable":true,"href":"https:\/\/motocultureservices.com\/en\/wp-json\/wp\/v2\/product_cat?post=31943"},{"taxonomy":"product_tag","embeddable":true,"href":"https:\/\/motocultureservices.com\/en\/wp-json\/wp\/v2\/product_tag?post=31943"}],"curies":[{"name":"wp","href":"https:\/\/api.w.org\/{rel}","templated":true}]}}