{"id":31940,"date":"2026-02-02T20:36:39","date_gmt":"2026-02-02T20:36:39","guid":{"rendered":"https:\/\/motocultureservices.com\/?post_type=product&#038;p=31940"},"modified":"2026-02-02T20:36:49","modified_gmt":"2026-02-02T20:36:49","slug":"decompacteur-agricole-sur-tracteur-agrieuro-170-standard-5-dents","status":"publish","type":"product","link":"https:\/\/motocultureservices.com\/en\/product\/decompacteur-agricole-sur-tracteur-agrieuro-170-standard-5-dents\/","title":{"rendered":"D\u00e9compacteur agricole sur tracteur AgriEuro 170 Standard 5 dents"},"content":{"rendered":"<div class=\"elementor-element elementor-element-1caffc0 elementor-widget elementor-widget-wd_title\" data-id=\"1caffc0\" data-element_type=\"widget\" data-widget_type=\"wd_title.default\">\n<div class=\"elementor-widget-container\">\n<div class=\"title-wrapper set-mb-s reset-last-child wd-title-color-default wd-title-style-default wd-title-size-default text-left\">\n<div class=\"liner-continer\">\n<h4 class=\"woodmart-title-container title wd-fontsize-l\">Description<\/h4>\n<p><span style=\"color: #ffffff;\">D\u00e9compacteur agricole AgriEuro 170 standard 5 dents<\/span><\/p>\n<\/div>\n<\/div>\n<\/div>\n<\/div>\n<div class=\"elementor-element elementor-element-e24b901 wd-single-content elementor-widget elementor-widget-wd_single_product_content\" data-id=\"e24b901\" data-element_type=\"widget\" data-widget_type=\"wd_single_product_content.default\">\n<div class=\"elementor-widget-container\">\n<p><strong>Le d\u00e9compacteur AgriEuro \u00e0 5 dents Mod. 170<\/strong>\u00a0est une machine robuste qui, une fois attel\u00e9e au tracteur gr\u00e2ce \u00e0 l\u2019attelage trois points,\u00a0<strong>permet le d\u00e9compactage (ou scrarifiage) du terrain.<\/strong><\/p>\n<p><strong>Le d\u00e9compactage<\/strong>\u00a0est une technique qui consiste \u00e0 d\u00e9truire les couches compact\u00e9es du sol, plus ou moins en profondeur. Commun\u00e9ment cette technique est altern\u00e9e avec le travail d\u2019une fraise rotative qui, contrairement \u00e0 cette derni\u00e8re<strong>\u00a0ne retourne pas <a href=\"https:\/\/www.lacuma-motocultures.com\/\">l<\/a>e terrain, mais produit un \u00e9miettement des mottes.<\/strong><\/p>\n<p>Cette technique particuli\u00e8re permet :<\/p>\n<ul>\n<li><strong>une importante \u00e9conomie de temps en r\u00e9duisant e<a href=\"https:\/\/shopper-markt.com\/\">n<\/a> effet le temps n\u00e9cessaire<\/strong>\u00a0au travail du sol par rapport \u00e0 une fraise rotative<\/li>\n<li>di pr\u00e9server le contenu de la mati\u00e8re organique et des microorganismes contenus dans le sol<\/li>\n<li>d\u2019augmenter l\u2019espace n\u00e9cessaire pour les racines<\/li>\n<li>une augmentation des capacit\u00e9s de drainage<\/li>\n<li>une am\u00e9lioration de \u00e9tanch\u00e9it\u00e9 et de l\u2019a\u00e9ration<\/li>\n<li>de ne pas laisser, contrairement au labour, la semelle du labour<\/li>\n<\/ul>\n<ul>\n<li><\/li>\n<\/ul>\n<\/div>\n<\/div>","protected":false},"excerpt":{"rendered":"<p><strong>DONN\u00c9ES TECHNIQUES (en r\u00e9sum\u00e9) :<\/strong><\/p>\n<ul>\n<li>Largeur d\u2019encombrement : 200 cm<\/li>\n<li>Largeur de travail : 170 cm<\/li>\n<li>\u00c9paisseur des pointes : 25 mm<\/li>\n<li>Largeur des pointes : 70 mm<\/li>\n<li>Puissance tracteur requise : 60-80 CV<\/li>\n<li>\u00c9paisseur des socs : 16 mm<\/li>\n<li>Longueur des socs : 30 cm<\/li>\n<li>Largeur des socs : 65 mm<\/li>\n<li>Profondeur de travail : 30-45 cm<\/li>\n<li>Hauteur sous b\u00e2ti : 68 cm<\/li>\n<li>Poids : 370 kg<\/li>\n<\/ul>","protected":false},"featured_media":31965,"comment_status":"closed","ping_status":"closed","template":"","meta":[],"product_brand":[],"product_cat":[394],"product_tag":[],"class_list":{"0":"post-31940","1":"product","2":"type-product","3":"status-publish","4":"has-post-thumbnail","6":"product_cat-travail-et-entretien-du-terrain-machines-agricoles-a-tracteur","8":"first","9":"instock","10":"shipping-taxable","11":"purchasable","12":"product-type-simple"},"_links":{"self":[{"href":"https:\/\/motocultureservices.com\/en\/wp-json\/wp\/v2\/product\/31940","targetHints":{"allow":["GET"]}}],"collection":[{"href":"https:\/\/motocultureservices.com\/en\/wp-json\/wp\/v2\/product"}],"about":[{"href":"https:\/\/motocultureservices.com\/en\/wp-json\/wp\/v2\/types\/product"}],"replies":[{"embeddable":true,"href":"https:\/\/motocultureservices.com\/en\/wp-json\/wp\/v2\/comments?post=31940"}],"version-history":[{"count":1,"href":"https:\/\/motocultureservices.com\/en\/wp-json\/wp\/v2\/product\/31940\/revisions"}],"predecessor-version":[{"id":31966,"href":"https:\/\/motocultureservices.com\/en\/wp-json\/wp\/v2\/product\/31940\/revisions\/31966"}],"wp:featuredmedia":[{"embeddable":true,"href":"https:\/\/motocultureservices.com\/en\/wp-json\/wp\/v2\/media\/31965"}],"wp:attachment":[{"href":"https:\/\/motocultureservices.com\/en\/wp-json\/wp\/v2\/media?parent=31940"}],"wp:term":[{"taxonomy":"product_brand","embeddable":true,"href":"https:\/\/motocultureservices.com\/en\/wp-json\/wp\/v2\/product_brand?post=31940"},{"taxonomy":"product_cat","embeddable":true,"href":"https:\/\/motocultureservices.com\/en\/wp-json\/wp\/v2\/product_cat?post=31940"},{"taxonomy":"product_tag","embeddable":true,"href":"https:\/\/motocultureservices.com\/en\/wp-json\/wp\/v2\/product_tag?post=31940"}],"curies":[{"name":"wp","href":"https:\/\/api.w.org\/{rel}","templated":true}]}}