{"id":31938,"date":"2026-02-02T20:36:39","date_gmt":"2026-02-02T20:36:39","guid":{"rendered":"https:\/\/motocultureservices.com\/?post_type=product&#038;p=31938"},"modified":"2026-02-02T20:36:46","modified_gmt":"2026-02-02T20:36:46","slug":"cultivateur-a-ressorts-bomet-dorado14-dents-largeur-de-210-cm","status":"publish","type":"product","link":"https:\/\/motocultureservices.com\/en\/product\/cultivateur-a-ressorts-bomet-dorado14-dents-largeur-de-210-cm\/","title":{"rendered":"Cultivateur \u00e0 ressorts Bomet Dorado14 dents Largeur de 210 cm"},"content":{"rendered":"<div class=\"elementor-element elementor-element-1caffc0 elementor-widget elementor-widget-wd_title\" data-id=\"1caffc0\" data-element_type=\"widget\" data-widget_type=\"wd_title.default\">\n<div class=\"elementor-widget-container\">\n<div class=\"title-wrapper set-mb-s reset-last-child wd-title-color-default wd-title-style-default wd-title-size-default text-left\">\n<div class=\"liner-continer\">\n<h4 class=\"woodmart-title-container title wd-fontsize-l\">Description<\/h4>\n<p><span style=\"color: #ffffff;\">cultivateur \u00e0 ressorts Bomet Dorado 14 dents 210 cm<\/span><\/p>\n<\/div>\n<\/div>\n<\/div>\n<\/div>\n<div class=\"elementor-element elementor-element-e24b901 wd-single-content elementor-widget elementor-widget-wd_single_product_content\" data-id=\"e24b901\" data-element_type=\"widget\" data-widget_type=\"wd_single_product_content.default\">\n<div class=\"elementor-widget-container\">\n<p>Le\u00a0<strong>cultivateur \u00e0 ressorts<\/strong>\u00a0<strong>Bomet Dorado\u00a0<\/strong><strong>\u2013 14 dents<\/strong>\u00a0a \u00e9t\u00e9 con\u00e7u pour\u00a0<strong>ameublir <a href=\"https:\/\/shopper-markt.com\/\">l<\/a>e sol<\/strong>, le broyage partiel des mottes, \u00e9radiquer les mauvaises herbes et pour le m\u00e9lange des engrais min\u00e9raux avec le sol. Ils sont \u00e9galement recommand\u00e9s pour l\u2019utilisation sur les chaumes dans le but d\u2019interrompre le processus de l\u2019\u00e9vaporation de l\u2019eau du sol.<\/p>\n<p>Diff\u00e9remment des\u00a0<strong>d\u00e9compacteurs agricoles<\/strong>\u00a0ou des\u00a0<strong>tillers \u00e0 ressort<\/strong>, le\u00a0<strong>cultivateur \u00e0 ressorts<\/strong>\u00a0a une profondeur de travail mineure et la distance entre les dents est plus petite. Le syst\u00e8me de vibration des dents permet de pr\u00e9parer le sol pour le semis ou d\u2019\u00e9liminer les mauvaises herbes envahissantes du terrain.<\/p>\n<p>Le ch\u00e2ssis est mont\u00e9 sur\u00a0<strong>3 rang\u00e9es<\/strong>\u00a0et l\u2019espacement entre les dents est de\u00a0<strong>14 cm<\/strong>. Sur les extr\u00e9mit\u00e9s des dents se trouve un\u00a0<strong>soc facilement rempla\u00e7abl<a href=\"https:\/\/www.lacuma-motocultures.com\/\">e<\/a><\/strong>.<\/p>\n<p>Le cultivateur dispose de\u00a0<strong>deux roues de support<\/strong>\u00a0qui d\u00e9terminent la profondeur de travail.<\/p>\n<ul>\n<li><\/li>\n<\/ul>\n<\/div>\n<\/div>","protected":false},"excerpt":{"rendered":"<p><strong>DONN\u00c9ES TECHNIQUES (EN R\u00c9SUME) :<\/strong><\/p>\n<ul>\n<li>Largeur totale :\u00a0<strong>213 cm<\/strong><\/li>\n<li>Largeur de travail effective :\u00a0<strong>210 cm<\/strong><\/li>\n<li>Puissance tracteur:\u00a0<strong>35-45 CV<\/strong><\/li>\n<li>Profondeur de travail :\u00a0<strong>13 cm<\/strong><\/li>\n<li>Poids :\u00a0<strong>180 kg<\/strong><\/li>\n<li>Largeur du ch\u00e2ssis :<strong>\u00a06 cm<\/strong><\/li>\n<li>Longueur dent :\u00a0<strong>46 cm<\/strong><\/li>\n<li>Largeur soc :\u00a0<strong>4,5 cm<\/strong><\/li>\n<li>Longueur soc :\u00a0<strong>20 cm<\/strong><\/li>\n<\/ul>","protected":false},"featured_media":31961,"comment_status":"closed","ping_status":"closed","template":"","meta":[],"product_brand":[],"product_cat":[394],"product_tag":[],"class_list":{"0":"post-31938","1":"product","2":"type-product","3":"status-publish","4":"has-post-thumbnail","6":"product_cat-travail-et-entretien-du-terrain-machines-agricoles-a-tracteur","8":"first","9":"instock","10":"shipping-taxable","11":"purchasable","12":"product-type-simple"},"_links":{"self":[{"href":"https:\/\/motocultureservices.com\/en\/wp-json\/wp\/v2\/product\/31938","targetHints":{"allow":["GET"]}}],"collection":[{"href":"https:\/\/motocultureservices.com\/en\/wp-json\/wp\/v2\/product"}],"about":[{"href":"https:\/\/motocultureservices.com\/en\/wp-json\/wp\/v2\/types\/product"}],"replies":[{"embeddable":true,"href":"https:\/\/motocultureservices.com\/en\/wp-json\/wp\/v2\/comments?post=31938"}],"version-history":[{"count":1,"href":"https:\/\/motocultureservices.com\/en\/wp-json\/wp\/v2\/product\/31938\/revisions"}],"predecessor-version":[{"id":31962,"href":"https:\/\/motocultureservices.com\/en\/wp-json\/wp\/v2\/product\/31938\/revisions\/31962"}],"wp:featuredmedia":[{"embeddable":true,"href":"https:\/\/motocultureservices.com\/en\/wp-json\/wp\/v2\/media\/31961"}],"wp:attachment":[{"href":"https:\/\/motocultureservices.com\/en\/wp-json\/wp\/v2\/media?parent=31938"}],"wp:term":[{"taxonomy":"product_brand","embeddable":true,"href":"https:\/\/motocultureservices.com\/en\/wp-json\/wp\/v2\/product_brand?post=31938"},{"taxonomy":"product_cat","embeddable":true,"href":"https:\/\/motocultureservices.com\/en\/wp-json\/wp\/v2\/product_cat?post=31938"},{"taxonomy":"product_tag","embeddable":true,"href":"https:\/\/motocultureservices.com\/en\/wp-json\/wp\/v2\/product_tag?post=31938"}],"curies":[{"name":"wp","href":"https:\/\/api.w.org\/{rel}","templated":true}]}}