{"id":31886,"date":"2026-02-02T20:36:18","date_gmt":"2026-02-02T20:36:18","guid":{"rendered":"https:\/\/motocultureservices.com\/?post_type=product&#038;p=31886"},"modified":"2026-02-02T20:36:44","modified_gmt":"2026-02-02T20:36:44","slug":"charrue-monosoc-geotech-dp16-versoir-court-pour-petit-tracteur","status":"publish","type":"product","link":"https:\/\/motocultureservices.com\/en\/product\/charrue-monosoc-geotech-dp16-versoir-court-pour-petit-tracteur\/","title":{"rendered":"Charrue monosoc GeoTech DP16 \u2013 versoir court pour petit tracteur"},"content":{"rendered":"<div class=\"elementor-element elementor-element-1caffc0 elementor-widget elementor-widget-wd_title\" data-id=\"1caffc0\" data-element_type=\"widget\" data-widget_type=\"wd_title.default\">\n<div class=\"elementor-widget-container\">\n<div class=\"title-wrapper set-mb-s reset-last-child wd-title-color-default wd-title-style-default wd-title-size-default text-left\">\n<div class=\"liner-continer\">\n<h4 class=\"woodmart-title-container title wd-fontsize-l\">Description<\/h4>\n<p><span style=\"color: #ffffff;\">charrue monosoc GeoTech DP16<\/span><\/p>\n<\/div>\n<\/div>\n<\/div>\n<\/div>\n<div class=\"elementor-element elementor-element-e24b901 wd-single-content elementor-widget elementor-widget-wd_single_product_content\" data-id=\"e24b901\" data-element_type=\"widget\" data-widget_type=\"wd_single_product_content.default\">\n<div class=\"elementor-widget-container\">\n<p>La\u00a0<strong>charrue simple \u00e0 un corps<\/strong>\u00a0<strong>GeoTech DP1<a href=\"https:\/\/www.lacuma-motocultures.com\/\">6\u00a0<\/a><\/strong>est un outil con\u00e7u pour les petits tracteurs avec traction int\u00e9grale ou arri\u00e8re.<\/p>\n<p>Avec attelage standard \u00e0 trois points de I cat\u00e9gorie, la charrue simple \u00e0 un corps est un \u00e9quipement indispensable pour le travail du terrain et la pr\u00e9paration du sol aux semis mais aussi pour la pr\u00e9paration du champ pour les cultures successives.<\/p>\n<p>Le corps de la charrue se compose d\u2019une partie en acier \u00e0 pointe renforc\u00e9e (la partie qui taillera et p\u00e9n\u00e8trera le terrain) et d\u2019une partie sup\u00e9rieure en t\u00f4le courb\u00e9 qui sert \u00e0 renvers\u00e9 la motte et cr\u00e9er donc un sillon dans le terrain en le p\u00e9n\u00e9trant d\u2019environ 20 cm gr\u00e2ce \u00e0 l\u2019avancement du tracteu<a href=\"https:\/\/shopper-markt.com\/\">r<\/a>.<\/p>\n<ul>\n<li><\/li>\n<\/ul>\n<\/div>\n<\/div>","protected":false},"excerpt":{"rendered":"<p>Caract\u00e9ristiques de la charrue monosoc :<\/p>\n<ul>\n<li>Il est possible de r\u00e9gler la position du versoir et la profondeur du sillon avec de simples r\u00e9glages, en rendant les travaux du sol personnalisables selon la zone de travail.<\/li>\n<li>Versoir \u00e0 aile courte. Id\u00e9ale pour le buttage du terrain \u00e0 proximit\u00e9 des plantes ou vignes.<\/li>\n<li>Roue de profondeur fournie.<\/li>\n<li>D\u00e9battement et revers r\u00e9glable.<\/li>\n<\/ul>","protected":false},"featured_media":31957,"comment_status":"closed","ping_status":"closed","template":"","meta":[],"product_brand":[],"product_cat":[394],"product_tag":[],"class_list":{"0":"post-31886","1":"product","2":"type-product","3":"status-publish","4":"has-post-thumbnail","6":"product_cat-travail-et-entretien-du-terrain-machines-agricoles-a-tracteur","8":"first","9":"instock","10":"shipping-taxable","11":"purchasable","12":"product-type-simple"},"_links":{"self":[{"href":"https:\/\/motocultureservices.com\/en\/wp-json\/wp\/v2\/product\/31886","targetHints":{"allow":["GET"]}}],"collection":[{"href":"https:\/\/motocultureservices.com\/en\/wp-json\/wp\/v2\/product"}],"about":[{"href":"https:\/\/motocultureservices.com\/en\/wp-json\/wp\/v2\/types\/product"}],"replies":[{"embeddable":true,"href":"https:\/\/motocultureservices.com\/en\/wp-json\/wp\/v2\/comments?post=31886"}],"version-history":[{"count":1,"href":"https:\/\/motocultureservices.com\/en\/wp-json\/wp\/v2\/product\/31886\/revisions"}],"predecessor-version":[{"id":31958,"href":"https:\/\/motocultureservices.com\/en\/wp-json\/wp\/v2\/product\/31886\/revisions\/31958"}],"wp:featuredmedia":[{"embeddable":true,"href":"https:\/\/motocultureservices.com\/en\/wp-json\/wp\/v2\/media\/31957"}],"wp:attachment":[{"href":"https:\/\/motocultureservices.com\/en\/wp-json\/wp\/v2\/media?parent=31886"}],"wp:term":[{"taxonomy":"product_brand","embeddable":true,"href":"https:\/\/motocultureservices.com\/en\/wp-json\/wp\/v2\/product_brand?post=31886"},{"taxonomy":"product_cat","embeddable":true,"href":"https:\/\/motocultureservices.com\/en\/wp-json\/wp\/v2\/product_cat?post=31886"},{"taxonomy":"product_tag","embeddable":true,"href":"https:\/\/motocultureservices.com\/en\/wp-json\/wp\/v2\/product_tag?post=31886"}],"curies":[{"name":"wp","href":"https:\/\/api.w.org\/{rel}","templated":true}]}}