{"id":31885,"date":"2026-02-02T20:36:18","date_gmt":"2026-02-02T20:36:18","guid":{"rendered":"https:\/\/motocultureservices.com\/?post_type=product&#038;p=31885"},"modified":"2026-02-02T20:36:43","modified_gmt":"2026-02-02T20:36:43","slug":"arracheuse-de-pommes-de-terre-seven-140-cm","status":"publish","type":"product","link":"https:\/\/motocultureservices.com\/en\/product\/arracheuse-de-pommes-de-terre-seven-140-cm\/","title":{"rendered":"Arracheuse de pommes de terre Seven 140 cm"},"content":{"rendered":"<div class=\"elementor-element elementor-element-1caffc0 elementor-widget elementor-widget-wd_title\" data-id=\"1caffc0\" data-element_type=\"widget\" data-widget_type=\"wd_title.default\">\n<div class=\"elementor-widget-container\">\n<div class=\"title-wrapper set-mb-s reset-last-child wd-title-color-default wd-title-style-default wd-title-size-default text-left\">\n<div class=\"liner-continer\">\n<h4 class=\"woodmart-title-container title wd-fontsize-l\">Description<\/h4>\n<p><span style=\"color: #ffffff;\">arracheuse de pommes de terre Seven 140 cm<\/span><\/p>\n<\/div>\n<\/div>\n<\/div>\n<\/div>\n<div class=\"elementor-element elementor-element-e24b901 wd-single-content elementor-widget elementor-widget-wd_single_product_content\" data-id=\"e24b901\" data-element_type=\"widget\" data-widget_type=\"wd_single_product_content.default\">\n<div class=\"elementor-widget-container\">\n<p>L\u2019<strong>arracheuse de pommes de terre Seven Italy<\/strong>\u00a0offre de nombreux avantages pour les op\u00e9rateurs en garantissant confort et praticit\u00e9 gr\u00e2ce \u00e0 son innovant ch\u00e2ssis <a href=\"https:\/\/shopper-markt.com\/\">\u201c<\/a>Multy\u201d. Cette typologie particuli\u00e8re de ch\u00e2ssis permet une configuration flexible \u00e0 1, 2 ou 3 \u00e9l\u00e9ments, qui peuvent \u00eatre facilement chang\u00e9s en fonction des besoins de l\u2019utilisateur.<\/p>\n<p>Le design ing\u00e9nieux\u00a0<strong>Seven Italy Simply<\/strong>\u00a0permet de d\u00e9terrer facilement les pommes de terre et autres tubercules, sana qu\u2019il soit n\u00e9cessaire de relier l\u2019appareil \u00e0 un cardan ou \u00e0 une autre machine. Cela signifie que l\u2019op\u00e9rateur peut effectuer son propre travail sans effort et sans devoir affronter des raccordements m\u00e9caniques compliqu\u00e9s.<\/p>\n<p><strong>La structure en forme de \u201cgrille<a href=\"https:\/\/www.lacuma-motocultures.com\/\">\u201d<\/a> pr\u00e9sente sur cet outil est particuli\u00e8rement efficace<\/strong>. Une fois ins\u00e9r\u00e9 dans le sol, l\u2019ancre p\u00e9n\u00e8tre profond\u00e9ment et avec pr\u00e9cision, permettant d\u2019extraire les pommes de terre proprement et sans les endommager. Gr\u00e2ce \u00e0 ce syst\u00e8me, les pommes de terre sont remont\u00e9es \u00e0 la surface compl\u00e8tement propres, pr\u00eates \u00e0 \u00eatre utilis\u00e9es et conserv\u00e9es.<\/p>\n<p>&nbsp;<\/p>\n<\/div>\n<\/div>","protected":false},"excerpt":{"rendered":"<p>De plus, l\u2019arracheuse de pommes de terre\u00a0\u00a0<strong>Seven Italy Simply<\/strong>\u00a0est \u00e9quip\u00e9e de fonctions suppl\u00e9mentaires qui augmentent ult\u00e9rieurement l\u2019efficacit\u00e9. Par exemple, le dispositif est con\u00e7u pour s\u2019adapter aux diff\u00e9rents types de terrains, ce qui permet un fonctionnement optimal dans diverses conditions.<\/p>\n<p>Pour conclure, l\u2019<strong>arracheuse de pommes de terre\u00a0Seven Italy Simply<\/strong>\u00a0repr\u00e9sente un investissement intelligent pour tous ceux qui souhaitent extraire des pommes de terre et des tubercules de fa\u00e7on efficace, sans effort et avec d\u2019excellents r\u00e9sultats. Gr\u00e2ce \u00e0 sa polyvalence, sa praticit\u00e9 et \u00e0 son design innovant, cet outil est un alli\u00e9 fiable pour des travaux agricoles et pour les passionn\u00e9s de jardinage.<\/p>","protected":false},"featured_media":31955,"comment_status":"closed","ping_status":"closed","template":"","meta":[],"product_brand":[],"product_cat":[394],"product_tag":[],"class_list":{"0":"post-31885","1":"product","2":"type-product","3":"status-publish","4":"has-post-thumbnail","6":"product_cat-travail-et-entretien-du-terrain-machines-agricoles-a-tracteur","8":"first","9":"instock","10":"shipping-taxable","11":"purchasable","12":"product-type-simple"},"_links":{"self":[{"href":"https:\/\/motocultureservices.com\/en\/wp-json\/wp\/v2\/product\/31885","targetHints":{"allow":["GET"]}}],"collection":[{"href":"https:\/\/motocultureservices.com\/en\/wp-json\/wp\/v2\/product"}],"about":[{"href":"https:\/\/motocultureservices.com\/en\/wp-json\/wp\/v2\/types\/product"}],"replies":[{"embeddable":true,"href":"https:\/\/motocultureservices.com\/en\/wp-json\/wp\/v2\/comments?post=31885"}],"version-history":[{"count":1,"href":"https:\/\/motocultureservices.com\/en\/wp-json\/wp\/v2\/product\/31885\/revisions"}],"predecessor-version":[{"id":31956,"href":"https:\/\/motocultureservices.com\/en\/wp-json\/wp\/v2\/product\/31885\/revisions\/31956"}],"wp:featuredmedia":[{"embeddable":true,"href":"https:\/\/motocultureservices.com\/en\/wp-json\/wp\/v2\/media\/31955"}],"wp:attachment":[{"href":"https:\/\/motocultureservices.com\/en\/wp-json\/wp\/v2\/media?parent=31885"}],"wp:term":[{"taxonomy":"product_brand","embeddable":true,"href":"https:\/\/motocultureservices.com\/en\/wp-json\/wp\/v2\/product_brand?post=31885"},{"taxonomy":"product_cat","embeddable":true,"href":"https:\/\/motocultureservices.com\/en\/wp-json\/wp\/v2\/product_cat?post=31885"},{"taxonomy":"product_tag","embeddable":true,"href":"https:\/\/motocultureservices.com\/en\/wp-json\/wp\/v2\/product_tag?post=31885"}],"curies":[{"name":"wp","href":"https:\/\/api.w.org\/{rel}","templated":true}]}}