{"id":31884,"date":"2026-02-02T20:36:18","date_gmt":"2026-02-02T20:36:18","guid":{"rendered":"https:\/\/motocultureservices.com\/?post_type=product&#038;p=31884"},"modified":"2026-02-02T20:36:42","modified_gmt":"2026-02-02T20:36:42","slug":"arracheuse-de-pommes-de-terre-bomet-ursa-1-rang","status":"publish","type":"product","link":"https:\/\/motocultureservices.com\/en\/product\/arracheuse-de-pommes-de-terre-bomet-ursa-1-rang\/","title":{"rendered":"Arracheuse de pommes de terre Bomet URSA \u2013 1 rang"},"content":{"rendered":"<div class=\"elementor-element elementor-element-1caffc0 elementor-widget elementor-widget-wd_title\" data-id=\"1caffc0\" data-element_type=\"widget\" data-widget_type=\"wd_title.default\">\n<div class=\"elementor-widget-container\">\n<div class=\"title-wrapper set-mb-s reset-last-child wd-title-color-default wd-title-style-default wd-title-size-default text-left\">\n<div class=\"liner-continer\">\n<h4 class=\"woodmart-title-container title wd-fontsize-l\">Description<\/h4>\n<p><span style=\"color: #ffffff;\">arracheuse pommes de terre Bomet URSA<\/span><\/p>\n<\/div>\n<\/div>\n<\/div>\n<\/div>\n<div class=\"elementor-element elementor-element-e24b901 wd-single-content elementor-widget elementor-widget-wd_single_product_content\" data-id=\"e24b901\" data-element_type=\"widget\" data-widget_type=\"wd_single_product_content.default\">\n<div class=\"elementor-widget-container\">\n<p>L\u2019<strong>arracheuse de pommes de terre Bomet URS<a href=\"https:\/\/www.lacuma-motocultures.com\/\">A<\/a> (avec \u00e9jection arri\u00e8re<a href=\"https:\/\/shopper-markt.com\/\">)<\/a>\u00a0<\/strong>peut \u00eatre mont\u00e9e sur un tracteur \u00e9quip\u00e9 d\u2019un syst\u00e8me de suspension \u00e0 trois points de\u00a0<strong>premi\u00e8re cat\u00e9gorie<\/strong>.<\/p>\n<p>La machine est constitu\u00e9e d\u2019un soc vibrant avec profondeur d\u2019excavation r\u00e9glable qui transf\u00e8re les pommes de terre et la terre sur la tr\u00e9mie vibrante en tamisant les pommes de terre du sol. La profondeur d\u2019excavation est r\u00e9gl\u00e9e par les\u00a0<strong>roues de support arri\u00e8re<\/strong>.<\/p>\n<p>&nbsp;<\/p>\n<\/div>\n<\/div>","protected":false},"excerpt":{"rendered":"<p>L\u2019intensit\u00e9 du tamisage peut \u00eatre augment\u00e9e en ajustant l\u2019inclinaison de la tr\u00e9mie de tamisage. Tous les \u00e9l\u00e9ments vibrants sont entra\u00een\u00e9s par un m\u00e9canisme \u00e0 manivelle actionn\u00e9 par l\u2019arbre de prise de force du tracteur.<\/p>\n<p>Les axes de la vis sans fin et de la tr\u00e9mie de criblage sont \u00e9quip\u00e9s de bagues en caoutchouc \u2013 simerblock qui permettent la stabilit\u00e9 de la machine pendant le fonctionnement. Sa petite taille permet d\u2019utiliser la machine sur de petites parcelles, sur des zones plates et en colline.<\/p>","protected":false},"featured_media":31953,"comment_status":"closed","ping_status":"closed","template":"","meta":[],"product_brand":[],"product_cat":[394],"product_tag":[],"class_list":{"0":"post-31884","1":"product","2":"type-product","3":"status-publish","4":"has-post-thumbnail","6":"product_cat-travail-et-entretien-du-terrain-machines-agricoles-a-tracteur","8":"first","9":"instock","10":"shipping-taxable","11":"purchasable","12":"product-type-simple"},"_links":{"self":[{"href":"https:\/\/motocultureservices.com\/en\/wp-json\/wp\/v2\/product\/31884","targetHints":{"allow":["GET"]}}],"collection":[{"href":"https:\/\/motocultureservices.com\/en\/wp-json\/wp\/v2\/product"}],"about":[{"href":"https:\/\/motocultureservices.com\/en\/wp-json\/wp\/v2\/types\/product"}],"replies":[{"embeddable":true,"href":"https:\/\/motocultureservices.com\/en\/wp-json\/wp\/v2\/comments?post=31884"}],"version-history":[{"count":1,"href":"https:\/\/motocultureservices.com\/en\/wp-json\/wp\/v2\/product\/31884\/revisions"}],"predecessor-version":[{"id":31954,"href":"https:\/\/motocultureservices.com\/en\/wp-json\/wp\/v2\/product\/31884\/revisions\/31954"}],"wp:featuredmedia":[{"embeddable":true,"href":"https:\/\/motocultureservices.com\/en\/wp-json\/wp\/v2\/media\/31953"}],"wp:attachment":[{"href":"https:\/\/motocultureservices.com\/en\/wp-json\/wp\/v2\/media?parent=31884"}],"wp:term":[{"taxonomy":"product_brand","embeddable":true,"href":"https:\/\/motocultureservices.com\/en\/wp-json\/wp\/v2\/product_brand?post=31884"},{"taxonomy":"product_cat","embeddable":true,"href":"https:\/\/motocultureservices.com\/en\/wp-json\/wp\/v2\/product_cat?post=31884"},{"taxonomy":"product_tag","embeddable":true,"href":"https:\/\/motocultureservices.com\/en\/wp-json\/wp\/v2\/product_tag?post=31884"}],"curies":[{"name":"wp","href":"https:\/\/api.w.org\/{rel}","templated":true}]}}