{"id":31807,"date":"2026-02-02T20:35:32","date_gmt":"2026-02-02T20:35:32","guid":{"rendered":"https:\/\/motocultureservices.com\/?post_type=product&#038;p=31807"},"modified":"2026-02-02T20:36:16","modified_gmt":"2026-02-02T20:36:16","slug":"tondeuse-autoportee-kubota-gr1600-ii","status":"publish","type":"product","link":"https:\/\/motocultureservices.com\/en\/product\/tondeuse-autoportee-kubota-gr1600-ii\/","title":{"rendered":"Tondeuse autoport\u00e9e Kubota GR1600-II"},"content":{"rendered":"<div class=\"elementor-element elementor-element-1caffc0 elementor-widget elementor-widget-wd_title\" data-id=\"1caffc0\" data-element_type=\"widget\" data-widget_type=\"wd_title.default\">\n<div class=\"elementor-widget-container\">\n<div class=\"title-wrapper set-mb-s reset-last-child wd-title-color-default wd-title-style-default wd-title-size-default text-left\">\n<div class=\"liner-continer\">\n<h4 class=\"woodmart-title-container title wd-fontsize-l\">Description<\/h4>\n<p><span style=\"color: #ffffff;\">tondeuse autoport\u00e9e Kubota GR1600-II<\/span><\/p>\n<\/div>\n<\/div>\n<\/div>\n<\/div>\n<div class=\"elementor-element elementor-element-e24b901 wd-single-content elementor-widget elementor-widget-wd_single_product_content\" data-id=\"e24b901\" data-element_type=\"widget\" data-widget_type=\"wd_single_product_content.default\">\n<div class=\"elementor-widget-container\">\n<p>\u2018R\u00e9f\u00e9rence : W20TC00039<\/p>\n<p>Simple d\u2019utilisation et performante la tondeuse GR1600-II permet de tondre facilement <a href=\"https:\/\/www.lacuma-motocultures.com\/\">!<\/a><\/p>\n<p>Ultra-maniable et robuste<br \/>\nUltra-maniable et robuste la Kubota GR1600-II est la tondeuse autoport\u00e9e diesel n\u00b01 sur son segment \u00e9jection arri\u00e8re <a href=\"https:\/\/shopper-markt.com\/\">\/<\/a>ramassage -reconnue pour sa qualit\u00e9 de coupe et de ramassage en toutes conditions.<\/p>\n<p>\u2019<\/p>\n<\/div>\n<\/div>","protected":false},"excerpt":{"rendered":"<p>Avec un moteur diesel de 135 ch<br \/>\nAvec un moteur diesel de 135 ch \u2013 puissant et \u00e9conomique- \u00e9quivalent d\u2019un 20 ch essence la GR1600-II offre plus de puissance et d\u2019\u00e9conomies de carburant par rapport aux tondeuses essence. A la diff\u00e9rence du syst\u00e8me par courroie que l\u2019on trouve sur la plupart des autoport\u00e9es Grand Public essence la GR1600-II dispose d\u2019une prise de force \u00e9quip\u00e9e d\u2019un embrayage m\u00e9canique \u00e0 disques humides et d\u2019une transmission au plateau par cardan. Cette robustesse de conception lui assure une long\u00e9vit\u00e9 renforc\u00e9e et une valeur r\u00e9siduelle importante en cas de cession.<\/p>","protected":false},"featured_media":31876,"comment_status":"closed","ping_status":"closed","template":"","meta":[],"product_brand":[],"product_cat":[392],"product_tag":[],"class_list":{"0":"post-31807","1":"product","2":"type-product","3":"status-publish","4":"has-post-thumbnail","6":"product_cat-autoportees-a-bac-arriere","8":"first","9":"instock","10":"shipping-taxable","11":"purchasable","12":"product-type-simple"},"_links":{"self":[{"href":"https:\/\/motocultureservices.com\/en\/wp-json\/wp\/v2\/product\/31807","targetHints":{"allow":["GET"]}}],"collection":[{"href":"https:\/\/motocultureservices.com\/en\/wp-json\/wp\/v2\/product"}],"about":[{"href":"https:\/\/motocultureservices.com\/en\/wp-json\/wp\/v2\/types\/product"}],"replies":[{"embeddable":true,"href":"https:\/\/motocultureservices.com\/en\/wp-json\/wp\/v2\/comments?post=31807"}],"version-history":[{"count":1,"href":"https:\/\/motocultureservices.com\/en\/wp-json\/wp\/v2\/product\/31807\/revisions"}],"predecessor-version":[{"id":31877,"href":"https:\/\/motocultureservices.com\/en\/wp-json\/wp\/v2\/product\/31807\/revisions\/31877"}],"wp:featuredmedia":[{"embeddable":true,"href":"https:\/\/motocultureservices.com\/en\/wp-json\/wp\/v2\/media\/31876"}],"wp:attachment":[{"href":"https:\/\/motocultureservices.com\/en\/wp-json\/wp\/v2\/media?parent=31807"}],"wp:term":[{"taxonomy":"product_brand","embeddable":true,"href":"https:\/\/motocultureservices.com\/en\/wp-json\/wp\/v2\/product_brand?post=31807"},{"taxonomy":"product_cat","embeddable":true,"href":"https:\/\/motocultureservices.com\/en\/wp-json\/wp\/v2\/product_cat?post=31807"},{"taxonomy":"product_tag","embeddable":true,"href":"https:\/\/motocultureservices.com\/en\/wp-json\/wp\/v2\/product_tag?post=31807"}],"curies":[{"name":"wp","href":"https:\/\/api.w.org\/{rel}","templated":true}]}}