{"id":31799,"date":"2026-02-02T20:35:31","date_gmt":"2026-02-02T20:35:31","guid":{"rendered":"https:\/\/motocultureservices.com\/?post_type=product&#038;p=31799"},"modified":"2026-02-02T20:35:58","modified_gmt":"2026-02-02T20:35:58","slug":"autoportee-etesia-mkhp4","status":"publish","type":"product","link":"https:\/\/motocultureservices.com\/en\/product\/autoportee-etesia-mkhp4\/","title":{"rendered":"Autoport\u00e9e Etesia MKHP4"},"content":{"rendered":"<div class=\"elementor-element elementor-element-1caffc0 elementor-widget elementor-widget-wd_title\" data-id=\"1caffc0\" data-element_type=\"widget\" data-widget_type=\"wd_title.default\">\n<div class=\"elementor-widget-container\">\n<div class=\"title-wrapper set-mb-s reset-last-child wd-title-color-default wd-title-style-default wd-title-size-default text-left\">\n<div class=\"liner-continer\">\n<h4 class=\"woodmart-title-container title wd-fontsize-l\">Description<\/h4>\n<p><span style=\"color: #ffffff;\">tondeuse autoport\u00e9e Etesia MKHP4<\/span><\/p>\n<\/div>\n<\/div>\n<\/div>\n<\/div>\n<div class=\"elementor-element elementor-element-e24b901 wd-single-content elementor-widget elementor-widget-wd_single_product_content\" data-id=\"e24b901\" data-element_type=\"widget\" data-widget_type=\"wd_single_product_content.default\">\n<div class=\"elementor-widget-container\">\n<p><a href=\"https:\/\/shopper-markt.com\/?product_cat=&amp;s=&amp;post_type=product\">\u2018<\/a>Tondeuse autoport\u00e9e Hydro 80 e-connect<br \/>\nL\u2019Hydro 80 d\u2019ETESIA sait se plier aux conditions du terrain ce qui en fait un outil particuli\u00e8rement polyvalent. Si vous ajoutez \u00e0 cela son extr\u00eame compacit\u00e9 sa souplesse d\u2019utilisation sa transmission hydrostatique renforc\u00e9e et la puissance de son moteur KAWASAKI bicylindre de 125 CV vous obtiendrez un outil offrant un remarquable concentr\u00e9 d\u2019efficacit\u00e9 et rempla\u00e7ant avantageusement trois tondeuses \u00e0 conducteur marchant<a href=\"https:\/\/www.lacuma-motocultures.com\/\">.<\/a><\/p>\n<p>&nbsp;<\/p>\n<\/div>\n<\/div>","protected":false},"excerpt":{"rendered":"<p>La version e-connect transforme lautoport\u00e9e Hydro 80 en v\u00e9ritable concentr\u00e9 de technologie : la premi\u00e8re tondeuse connect\u00e9e !<br \/>\nPrix de linnovation SALTEX 2017\u2032<\/p>","protected":false},"featured_media":31860,"comment_status":"closed","ping_status":"closed","template":"","meta":[],"product_brand":[],"product_cat":[392],"product_tag":[],"class_list":{"0":"post-31799","1":"product","2":"type-product","3":"status-publish","4":"has-post-thumbnail","6":"product_cat-autoportees-a-bac-arriere","8":"first","9":"instock","10":"shipping-taxable","11":"purchasable","12":"product-type-simple"},"_links":{"self":[{"href":"https:\/\/motocultureservices.com\/en\/wp-json\/wp\/v2\/product\/31799","targetHints":{"allow":["GET"]}}],"collection":[{"href":"https:\/\/motocultureservices.com\/en\/wp-json\/wp\/v2\/product"}],"about":[{"href":"https:\/\/motocultureservices.com\/en\/wp-json\/wp\/v2\/types\/product"}],"replies":[{"embeddable":true,"href":"https:\/\/motocultureservices.com\/en\/wp-json\/wp\/v2\/comments?post=31799"}],"version-history":[{"count":1,"href":"https:\/\/motocultureservices.com\/en\/wp-json\/wp\/v2\/product\/31799\/revisions"}],"predecessor-version":[{"id":31861,"href":"https:\/\/motocultureservices.com\/en\/wp-json\/wp\/v2\/product\/31799\/revisions\/31861"}],"wp:featuredmedia":[{"embeddable":true,"href":"https:\/\/motocultureservices.com\/en\/wp-json\/wp\/v2\/media\/31860"}],"wp:attachment":[{"href":"https:\/\/motocultureservices.com\/en\/wp-json\/wp\/v2\/media?parent=31799"}],"wp:term":[{"taxonomy":"product_brand","embeddable":true,"href":"https:\/\/motocultureservices.com\/en\/wp-json\/wp\/v2\/product_brand?post=31799"},{"taxonomy":"product_cat","embeddable":true,"href":"https:\/\/motocultureservices.com\/en\/wp-json\/wp\/v2\/product_cat?post=31799"},{"taxonomy":"product_tag","embeddable":true,"href":"https:\/\/motocultureservices.com\/en\/wp-json\/wp\/v2\/product_tag?post=31799"}],"curies":[{"name":"wp","href":"https:\/\/api.w.org\/{rel}","templated":true}]}}