{"id":31751,"date":"2026-02-02T20:35:11","date_gmt":"2026-02-02T20:35:11","guid":{"rendered":"https:\/\/motocultureservices.com\/?post_type=product&#038;p=31751"},"modified":"2026-02-02T20:35:34","modified_gmt":"2026-02-02T20:35:34","slug":"tronconneuse-thermique-stihl-ms-362-c-m-40-a-50-cm","status":"publish","type":"product","link":"https:\/\/motocultureservices.com\/en\/product\/tronconneuse-thermique-stihl-ms-362-c-m-40-a-50-cm\/","title":{"rendered":"Tron\u00e7onneuse thermique STIHL MS 362 C-M 40 \u00e0 50 cm"},"content":{"rendered":"<div class=\"elementor-element elementor-element-1caffc0 elementor-widget elementor-widget-wd_title\" data-id=\"1caffc0\" data-element_type=\"widget\" data-widget_type=\"wd_title.default\">\n<div class=\"elementor-widget-container\">\n<div class=\"title-wrapper set-mb-s reset-last-child wd-title-color-default wd-title-style-default wd-title-size-default text-left\">\n<div class=\"liner-continer\">\n<h4 class=\"woodmart-title-container title wd-fontsize-l\">Description<\/h4>\n<p><span style=\"color: #ffffff;\">tron\u00e7onneuse thermique STIHL MS 362 C-M<\/span><\/p>\n<\/div>\n<\/div>\n<\/div>\n<\/div>\n<div class=\"elementor-element elementor-element-e24b901 wd-single-content elementor-widget elementor-widget-wd_single_product_content\" data-id=\"e24b901\" data-element_type=\"widget\" data-widget_type=\"wd_single_product_content.default\">\n<div class=\"elementor-widget-container\">\n<p>Plus puissante, plus l\u00e9g\u00e8re et encore plus polyvalente, elle offre des performances in\u00e9dites pour un poids contenu de seulement 5,6 kg. Elle est id\u00e9ale pour les forestiers, d\u00e9bardeurs, paysagistes et agriculteurs qui recherchent le meilleur de la technologie STIHL sans compromis<a href=\"https:\/\/shopper-markt.com\/?product_cat=&amp;s=&amp;post_type=product\">.<\/a><\/p>\n<p><span style=\"color: #ffffff;\">tron\u00e7onneuse thermique STIHL MS 362 C-M<\/span><\/p>\n<p>Tron\u00e7onneuse thermique moderne et puissante de 3,5\u00a0kW avec moteur 2-MIX et M-Tronic. R\u00e9gulation \u00e9lectronique du dosage de carburant et adaptation automatique aux conditions ambiantes. La tron\u00e7onneuse b\u00e9n\u00e9ficie toujours de la puissance optimale du moteur. Avec syst\u00e8me de filtre HD2. R\u00e9duction jusqu\u2019\u00e0 20\u00a0% de la consommation de carburant et jusqu\u2019\u00e0 50\u00a0% des gaz d\u2019\u00e9chappement par rapport aux moteurs \u00e0 deux temps conventionnels sans technologie 2-MIX<a href=\"https:\/\/www.lacuma-motocultures.com\/\">.<\/a> Tr\u00e8s efficace pour toutes les t\u00e2ches dans le bois semi-r\u00e9sistant.<\/p>\n<p class=\"p1\">\n<\/div>\n<\/div>","protected":false},"excerpt":{"rendered":"<p><strong>Livr\u00e9e avec :<\/strong><br \/>\n<strong>\u2013\u00a0une cha\u00eene en 3\/8\u2033<\/strong><br \/>\n<strong>\u2013\u00a0un guide Rollo E<\/strong><br \/>\n<strong>\u2013 un prot\u00e8ge guide STIHL<\/strong><\/p>\n<p class=\"p1\"><strong>\u2013<span class=\"Apple-converted-space\">\u00a0\u00a0<\/span>un guide offert au choix : de 40, 45 ou 50 cm (A noter par mail apr\u00e8s votre commande ou dans votre note de commande)<\/strong><\/p>","protected":false},"featured_media":31817,"comment_status":"closed","ping_status":"closed","template":"","meta":[],"product_brand":[],"product_cat":[391],"product_tag":[],"class_list":{"0":"post-31751","1":"product","2":"type-product","3":"status-publish","4":"has-post-thumbnail","6":"product_cat-tronconneuses","8":"first","9":"instock","10":"shipping-taxable","11":"purchasable","12":"product-type-simple"},"_links":{"self":[{"href":"https:\/\/motocultureservices.com\/en\/wp-json\/wp\/v2\/product\/31751","targetHints":{"allow":["GET"]}}],"collection":[{"href":"https:\/\/motocultureservices.com\/en\/wp-json\/wp\/v2\/product"}],"about":[{"href":"https:\/\/motocultureservices.com\/en\/wp-json\/wp\/v2\/types\/product"}],"replies":[{"embeddable":true,"href":"https:\/\/motocultureservices.com\/en\/wp-json\/wp\/v2\/comments?post=31751"}],"version-history":[{"count":1,"href":"https:\/\/motocultureservices.com\/en\/wp-json\/wp\/v2\/product\/31751\/revisions"}],"predecessor-version":[{"id":31818,"href":"https:\/\/motocultureservices.com\/en\/wp-json\/wp\/v2\/product\/31751\/revisions\/31818"}],"wp:featuredmedia":[{"embeddable":true,"href":"https:\/\/motocultureservices.com\/en\/wp-json\/wp\/v2\/media\/31817"}],"wp:attachment":[{"href":"https:\/\/motocultureservices.com\/en\/wp-json\/wp\/v2\/media?parent=31751"}],"wp:term":[{"taxonomy":"product_brand","embeddable":true,"href":"https:\/\/motocultureservices.com\/en\/wp-json\/wp\/v2\/product_brand?post=31751"},{"taxonomy":"product_cat","embeddable":true,"href":"https:\/\/motocultureservices.com\/en\/wp-json\/wp\/v2\/product_cat?post=31751"},{"taxonomy":"product_tag","embeddable":true,"href":"https:\/\/motocultureservices.com\/en\/wp-json\/wp\/v2\/product_tag?post=31751"}],"curies":[{"name":"wp","href":"https:\/\/api.w.org\/{rel}","templated":true}]}}