{"id":31746,"date":"2026-02-02T20:35:11","date_gmt":"2026-02-02T20:35:11","guid":{"rendered":"https:\/\/motocultureservices.com\/?post_type=product&#038;p=31746"},"modified":"2026-02-02T20:35:27","modified_gmt":"2026-02-02T20:35:27","slug":"tronconneuse-thermique-stihl-ms-462-c-m-45-a-63-cm","status":"publish","type":"product","link":"https:\/\/motocultureservices.com\/en\/product\/tronconneuse-thermique-stihl-ms-462-c-m-45-a-63-cm\/","title":{"rendered":"Tron\u00e7onneuse thermique STIHL MS 462 C-M 45 \u00e0 63 cm"},"content":{"rendered":"<div class=\"elementor-element elementor-element-1caffc0 elementor-widget elementor-widget-wd_title\" data-id=\"1caffc0\" data-element_type=\"widget\" data-widget_type=\"wd_title.default\">\n<div class=\"elementor-widget-container\">\n<div class=\"title-wrapper set-mb-s reset-last-child wd-title-color-default wd-title-style-default wd-title-size-default text-left\">\n<div class=\"liner-continer\">\n<h4 class=\"woodmart-title-container title wd-fontsize-l\">Description<\/h4>\n<p><span style=\"color: #ffffff;\">Tron\u00e7onneuse Stihl MS 462 C-M \u2013 72,2 cm\u00b3, M-Tronic, guide jusqu&rsquo;\u00e0 63 cm<\/span><\/p>\n<\/div>\n<\/div>\n<\/div>\n<\/div>\n<div class=\"elementor-element elementor-element-e24b901 wd-single-content elementor-widget elementor-widget-wd_single_product_content\" data-id=\"e24b901\" data-element_type=\"widget\" data-widget_type=\"wd_single_product_content.default\">\n<div class=\"elementor-widget-container\">\n<p>La tron\u00e7onneuse MS 462 C-M est capable de tout ! Nouvelle r\u00e9f\u00e9rence de la for\u00eat. Professionnelle, puissante et polyvalente<a href=\"https:\/\/www.lacuma-motocultures.com\/\">,<\/a> elle pr\u00e9sente le meilleur rapport poids-puissance de sa cat\u00e9gorie<a href=\"https:\/\/shopper-markt.com\/produit\/bohmer-ag-generateur-inverter-essence-w4500i-2000w\/\">.<\/a><\/p>\n<p>&nbsp;<\/p>\n<p class=\"p1\">\n<\/div>\n<\/div>","protected":false},"excerpt":{"rendered":"<p>Tron\u00e7onneuse thermique \u00e0 hautes performances la plus l\u00e9g\u00e8re de sa cat\u00e9gorie (70cm3). Extr\u00eamement maniable et offrant une acc\u00e9l\u00e9ration optimale. Pour l\u2019abattage et l\u2019\u00e9branchage dans les plantations de moyenne et grande taille. \u00c9quip\u00e9e de s\u00e9rie avec M-Tronic et avec le filtre HD2 garantissant un tr\u00e8s bon rendement du filtre. Les \u00e9crous imperdables sur le cache du pignon de cha\u00eene simplifient le remplacement de la cha\u00eene, bouchons de r\u00e9servoirs ouvrables sans outil pour un remplissage simple et s\u00fbr, moteur 2-MIX \u00e9conomique.<\/p>","protected":false},"featured_media":31790,"comment_status":"closed","ping_status":"closed","template":"","meta":[],"product_brand":[],"product_cat":[391],"product_tag":[],"class_list":{"0":"post-31746","1":"product","2":"type-product","3":"status-publish","4":"has-post-thumbnail","6":"product_cat-tronconneuses","8":"first","9":"instock","10":"shipping-taxable","11":"purchasable","12":"product-type-simple"},"_links":{"self":[{"href":"https:\/\/motocultureservices.com\/en\/wp-json\/wp\/v2\/product\/31746","targetHints":{"allow":["GET"]}}],"collection":[{"href":"https:\/\/motocultureservices.com\/en\/wp-json\/wp\/v2\/product"}],"about":[{"href":"https:\/\/motocultureservices.com\/en\/wp-json\/wp\/v2\/types\/product"}],"replies":[{"embeddable":true,"href":"https:\/\/motocultureservices.com\/en\/wp-json\/wp\/v2\/comments?post=31746"}],"version-history":[{"count":1,"href":"https:\/\/motocultureservices.com\/en\/wp-json\/wp\/v2\/product\/31746\/revisions"}],"predecessor-version":[{"id":31791,"href":"https:\/\/motocultureservices.com\/en\/wp-json\/wp\/v2\/product\/31746\/revisions\/31791"}],"wp:featuredmedia":[{"embeddable":true,"href":"https:\/\/motocultureservices.com\/en\/wp-json\/wp\/v2\/media\/31790"}],"wp:attachment":[{"href":"https:\/\/motocultureservices.com\/en\/wp-json\/wp\/v2\/media?parent=31746"}],"wp:term":[{"taxonomy":"product_brand","embeddable":true,"href":"https:\/\/motocultureservices.com\/en\/wp-json\/wp\/v2\/product_brand?post=31746"},{"taxonomy":"product_cat","embeddable":true,"href":"https:\/\/motocultureservices.com\/en\/wp-json\/wp\/v2\/product_cat?post=31746"},{"taxonomy":"product_tag","embeddable":true,"href":"https:\/\/motocultureservices.com\/en\/wp-json\/wp\/v2\/product_tag?post=31746"}],"curies":[{"name":"wp","href":"https:\/\/api.w.org\/{rel}","templated":true}]}}