{"id":31743,"date":"2026-02-02T20:35:10","date_gmt":"2026-02-02T20:35:10","guid":{"rendered":"https:\/\/motocultureservices.com\/?post_type=product&#038;p=31743"},"modified":"2026-02-02T20:35:23","modified_gmt":"2026-02-02T20:35:23","slug":"tronconneuse-stihl-ms-261-c-m-502-cm%c2%b3-3-kw-guide-45-cm","status":"publish","type":"product","link":"https:\/\/motocultureservices.com\/en\/product\/tronconneuse-stihl-ms-261-c-m-502-cm%c2%b3-3-kw-guide-45-cm\/","title":{"rendered":"Tron\u00e7onneuse Stihl MS 261 C-M \u2013 50,2 cm\u00b3, 3 kW, guide 45 cm"},"content":{"rendered":"<div class=\"elementor-element elementor-element-1caffc0 elementor-widget elementor-widget-wd_title\" data-id=\"1caffc0\" data-element_type=\"widget\" data-widget_type=\"wd_title.default\">\n<div class=\"elementor-widget-container\">\n<div class=\"title-wrapper set-mb-s reset-last-child wd-title-color-default wd-title-style-default wd-title-size-default text-left\">\n<div class=\"liner-continer\">\n<h4 class=\"woodmart-title-container title wd-fontsize-l\">Description<\/h4>\n<p><span style=\"color: #ffffff;\">Tron\u00e7onneuse Stihl MS 261 C-M \u2013 50,2 cm\u00b3, 3 kW, guide 45 cm<\/span><\/p>\n<\/div>\n<\/div>\n<\/div>\n<\/div>\n<div class=\"elementor-element elementor-element-e24b901 wd-single-content elementor-widget elementor-widget-wd_single_product_content\" data-id=\"e24b901\" data-element_type=\"widget\" data-widget_type=\"wd_single_product_content.default\">\n<div class=\"elementor-widget-container\">\n<p>Machine de r\u00e9f\u00e9rence pour l\u2019abattage, l\u2019\u00e9branchage, la r\u00e9colte de bois moyen, les travaux d\u2019\u00e9claircissement ou encore les travaux paysagers. Son moteur gagne 100 watts et re\u00e7oit de s\u00e9rie le syst\u00e8me M-Tronic (C-M) qui garantit en permanence des performances in\u00e9dites<a href=\"https:\/\/shopper-markt.com\/produit\/bohmer-ag-generateur-inverter-essence-w4500i-2000w\/\">.<\/a><\/p>\n<p>Tron\u00e7onneuse thermique durable d\u2019une puissance de 3,0 kW. Extr\u00eamement robuste gr\u00e2ce \u00e0 STIHL M-Tronic, avec vanne r\u00e9sistante \u00e0 l\u2019usure, pistons enduits et carburateur am\u00e9lior\u00e9. Id\u00e9ale pour les travaux dans les plantations de petite et moyenne taille. D\u00e9marrage ais\u00e9 gr\u00e2ce \u00e0 une position de d\u00e9marrage unique et \u00e0 un bouton d\u2019arr\u00eat. Syst\u00e8me de filtre \u00e0 air longue dur\u00e9e avec filtre HD2 pour de longs intervalles de nettoyage, \u00e9crous imperdables sur le cache du pignon de cha\u00eene<a href=\"https:\/\/www.lacuma-motocultures.com\/\">.<\/a><\/p>\n<p>&nbsp;<\/p>\n<\/div>\n<\/div>","protected":false},"excerpt":{"rendered":"<p><strong>Livr\u00e9e avec :<\/strong><br \/>\n<strong>\u2013 un guide de 45 cm et une cha\u00eene en .325\u2033 Rapid Micro\u00a0<\/strong><br \/>\n<strong>\u2013\u00a0un guide Rollomatic E de 45 cm avec une jauge de 1,6 mm<\/strong><br \/>\n<strong>\u2013 un prot\u00e8ge guide STIHL<\/strong><\/p>","protected":false},"featured_media":31784,"comment_status":"closed","ping_status":"closed","template":"","meta":[],"product_brand":[],"product_cat":[391],"product_tag":[],"class_list":{"0":"post-31743","1":"product","2":"type-product","3":"status-publish","4":"has-post-thumbnail","6":"product_cat-tronconneuses","8":"first","9":"instock","10":"shipping-taxable","11":"purchasable","12":"product-type-simple"},"_links":{"self":[{"href":"https:\/\/motocultureservices.com\/en\/wp-json\/wp\/v2\/product\/31743","targetHints":{"allow":["GET"]}}],"collection":[{"href":"https:\/\/motocultureservices.com\/en\/wp-json\/wp\/v2\/product"}],"about":[{"href":"https:\/\/motocultureservices.com\/en\/wp-json\/wp\/v2\/types\/product"}],"replies":[{"embeddable":true,"href":"https:\/\/motocultureservices.com\/en\/wp-json\/wp\/v2\/comments?post=31743"}],"version-history":[{"count":1,"href":"https:\/\/motocultureservices.com\/en\/wp-json\/wp\/v2\/product\/31743\/revisions"}],"predecessor-version":[{"id":31785,"href":"https:\/\/motocultureservices.com\/en\/wp-json\/wp\/v2\/product\/31743\/revisions\/31785"}],"wp:featuredmedia":[{"embeddable":true,"href":"https:\/\/motocultureservices.com\/en\/wp-json\/wp\/v2\/media\/31784"}],"wp:attachment":[{"href":"https:\/\/motocultureservices.com\/en\/wp-json\/wp\/v2\/media?parent=31743"}],"wp:term":[{"taxonomy":"product_brand","embeddable":true,"href":"https:\/\/motocultureservices.com\/en\/wp-json\/wp\/v2\/product_brand?post=31743"},{"taxonomy":"product_cat","embeddable":true,"href":"https:\/\/motocultureservices.com\/en\/wp-json\/wp\/v2\/product_cat?post=31743"},{"taxonomy":"product_tag","embeddable":true,"href":"https:\/\/motocultureservices.com\/en\/wp-json\/wp\/v2\/product_tag?post=31743"}],"curies":[{"name":"wp","href":"https:\/\/api.w.org\/{rel}","templated":true}]}}