{"id":31742,"date":"2026-02-02T20:35:10","date_gmt":"2026-02-02T20:35:10","guid":{"rendered":"https:\/\/motocultureservices.com\/?post_type=product&#038;p=31742"},"modified":"2026-02-02T20:35:22","modified_gmt":"2026-02-02T20:35:22","slug":"tronconneuse-stihl-ms271-c-be-502-cm%c2%b3-demarrage-ergostart","status":"publish","type":"product","link":"https:\/\/motocultureservices.com\/en\/product\/tronconneuse-stihl-ms271-c-be-502-cm%c2%b3-demarrage-ergostart\/","title":{"rendered":"Tron\u00e7onneuse Stihl MS271 C-BE \u2013 50,2 cm\u00b3, d\u00e9marrage ErgoStart"},"content":{"rendered":"<section class=\"wd-negative-gap elementor-section elementor-top-section elementor-element elementor-element-562428a elementor-reverse-mobile elementor-section-boxed elementor-section-height-default elementor-section-height-default wd-section-disabled\" data-id=\"562428a\" data-element_type=\"section\">\n<div class=\"elementor-container elementor-column-gap-default\">\n<div class=\"elementor-column elementor-col-100 elementor-top-column elementor-element elementor-element-849fa95\" data-id=\"849fa95\" data-element_type=\"column\" data-settings=\"{&quot;background_background&quot;:&quot;classic&quot;}\">\n<div class=\"elementor-widget-wrap elementor-element-populated\">\n<div class=\"elementor-element elementor-element-1caffc0 elementor-widget elementor-widget-wd_title\" data-id=\"1caffc0\" data-element_type=\"widget\" data-widget_type=\"wd_title.default\">\n<div class=\"elementor-widget-container\">\n<div class=\"title-wrapper set-mb-s reset-last-child wd-title-color-default wd-title-style-default wd-title-size-default text-left\">\n<div class=\"liner-continer\">\n<h4 class=\"woodmart-title-container title wd-fontsize-l\">Description<\/h4>\n<p><span style=\"color: #ffffff;\">Tron\u00e7onneuse Stihl MS271 C-BE \u2013 50,2 cm\u00b3, d\u00e9marrage ErgoStart, guide 45 cm<\/span><\/p>\n<\/div>\n<\/div>\n<\/div>\n<\/div>\n<div class=\"elementor-element elementor-element-e24b901 wd-single-content elementor-widget elementor-widget-wd_single_product_content\" data-id=\"e24b901\" data-element_type=\"widget\" data-widget_type=\"wd_single_product_content.default\">\n<div class=\"elementor-widget-container\">\n<p><strong><em>Version confort : Avec tendeur rapide de cha\u00eene (B), syst\u00e8me de d\u00e9marrage ultra-facile Ergostart (E<a href=\"https:\/\/shopper-markt.com\/produit\/bohmer-ag-generateur-inverter-essence-w4500i-2000w\/\">)<\/a><\/em><\/strong><\/p>\n<p>Tron\u00e7onneuse thermique pour la coupe du bois de chauffage. Tendeur de cha\u00eene rapide (B), ErgoStart (E), syst\u00e8me de filtre \u00e0 air longue dur\u00e9e garantissant la long\u00e9vit\u00e9 du filtre, fermeture du r\u00e9servoir sans outil pour faire le plein ais\u00e9ment et en toute s\u00e9curit\u00e9, acc\u00e8s rapide pour entretien gr\u00e2ce au capot-moteur en une pi\u00e8ce.<\/p>\n<p><span style=\"color: #ffffff;\">Tron\u00e7onneuse Stihl MS271<\/span><\/p>\n<p>Avec guide-cha\u00eene Light 04 dans un design innovant et nouvelle cha\u00eene .325\u2033-RM3 Pro pour une puissance de coupe sup\u00e9rieure<a href=\"https:\/\/www.lacuma-motocultures.com\/\">.<\/a><\/p>\n<p>&nbsp;<\/p>\n<\/div>\n<\/div>\n<\/div>\n<\/div>\n<\/div>\n<\/section>\n<section class=\"wd-negative-gap elementor-section elementor-top-section elementor-element elementor-element-19ae024 elementor-section-boxed elementor-section-height-default elementor-section-height-default wd-section-disabled\" data-id=\"19ae024\" data-element_type=\"section\">\n<div class=\"elementor-container elementor-column-gap-default\">\n<div class=\"elementor-column elementor-col-100 elementor-top-column elementor-element elementor-element-4189985\" data-id=\"4189985\" data-element_type=\"column\"><\/div>\n<\/div>\n<\/section>","protected":false},"excerpt":{"rendered":"<p><strong>Livr\u00e9e avec :<\/strong><\/p>\n<p><strong>-un guide de 45cm<\/strong><br \/>\n<strong>\u2013\u00a0une cha\u00eene en 325\u2033 Rapid Micro 3 PRO en jauge 1,3 mm<\/strong><br \/>\n<strong>\u2013\u00a0un guide Light 04\u00a0de 45\u00a0cm<\/strong><br \/>\n<strong>\u2013 un prot\u00e8ge guide STIHL<\/strong><\/p>","protected":false},"featured_media":31782,"comment_status":"closed","ping_status":"closed","template":"","meta":[],"product_brand":[],"product_cat":[391],"product_tag":[],"class_list":{"0":"post-31742","1":"product","2":"type-product","3":"status-publish","4":"has-post-thumbnail","6":"product_cat-tronconneuses","8":"first","9":"instock","10":"shipping-taxable","11":"purchasable","12":"product-type-simple"},"_links":{"self":[{"href":"https:\/\/motocultureservices.com\/en\/wp-json\/wp\/v2\/product\/31742","targetHints":{"allow":["GET"]}}],"collection":[{"href":"https:\/\/motocultureservices.com\/en\/wp-json\/wp\/v2\/product"}],"about":[{"href":"https:\/\/motocultureservices.com\/en\/wp-json\/wp\/v2\/types\/product"}],"replies":[{"embeddable":true,"href":"https:\/\/motocultureservices.com\/en\/wp-json\/wp\/v2\/comments?post=31742"}],"version-history":[{"count":1,"href":"https:\/\/motocultureservices.com\/en\/wp-json\/wp\/v2\/product\/31742\/revisions"}],"predecessor-version":[{"id":31783,"href":"https:\/\/motocultureservices.com\/en\/wp-json\/wp\/v2\/product\/31742\/revisions\/31783"}],"wp:featuredmedia":[{"embeddable":true,"href":"https:\/\/motocultureservices.com\/en\/wp-json\/wp\/v2\/media\/31782"}],"wp:attachment":[{"href":"https:\/\/motocultureservices.com\/en\/wp-json\/wp\/v2\/media?parent=31742"}],"wp:term":[{"taxonomy":"product_brand","embeddable":true,"href":"https:\/\/motocultureservices.com\/en\/wp-json\/wp\/v2\/product_brand?post=31742"},{"taxonomy":"product_cat","embeddable":true,"href":"https:\/\/motocultureservices.com\/en\/wp-json\/wp\/v2\/product_cat?post=31742"},{"taxonomy":"product_tag","embeddable":true,"href":"https:\/\/motocultureservices.com\/en\/wp-json\/wp\/v2\/product_tag?post=31742"}],"curies":[{"name":"wp","href":"https:\/\/api.w.org\/{rel}","templated":true}]}}