{"id":31738,"date":"2026-02-02T20:35:10","date_gmt":"2026-02-02T20:35:10","guid":{"rendered":"https:\/\/motocultureservices.com\/?post_type=product&#038;p=31738"},"modified":"2026-02-02T20:35:17","modified_gmt":"2026-02-02T20:35:17","slug":"tronconneuse-stihl-ms-201-tc-m-352-cm%c2%b3-guide-35-cm","status":"publish","type":"product","link":"https:\/\/motocultureservices.com\/en\/product\/tronconneuse-stihl-ms-201-tc-m-352-cm%c2%b3-guide-35-cm\/","title":{"rendered":"Tron\u00e7onneuse Stihl MS 201 TC-M \u2013 35,2 cm\u00b3, guide 35 cm"},"content":{"rendered":"<div class=\"elementor-element elementor-element-1caffc0 elementor-widget elementor-widget-wd_title\" data-id=\"1caffc0\" data-element_type=\"widget\" data-widget_type=\"wd_title.default\">\n<div class=\"elementor-widget-container\">\n<div class=\"title-wrapper set-mb-s reset-last-child wd-title-color-default wd-title-style-default wd-title-size-default text-left\">\n<div class=\"liner-continer\">\n<h4 class=\"woodmart-title-container title wd-fontsize-l\">Description<\/h4>\n<p><span style=\"color: #ffffff;\">Tron\u00e7onneuse Stihl MS 201 TC-M<\/span><\/p>\n<\/div>\n<\/div>\n<\/div>\n<\/div>\n<div class=\"elementor-element elementor-element-e24b901 wd-single-content elementor-widget elementor-widget-wd_single_product_content\" data-id=\"e24b901\" data-element_type=\"widget\" data-widget_type=\"wd_single_product_content.default\">\n<div class=\"elementor-widget-container\">\n<p><strong>Avertissement <a href=\"https:\/\/shopper-markt.com\/produit\/bohmer-ag-generateur-inverter-essence-w4500i-2000w\/\">:<\/a> Cette tron\u00e7onneuse est destin\u00e9e \u00e0 des utilisateurs professionnels form\u00e9s \u00e0 l\u2019\u00e9lagage. Une utilisation sans la formation ad\u00e9quate peut entra\u00eener des blessures graves.<\/strong><\/p>\n<p>Puissante tron\u00e7onneuse d\u2019\u00e9lagage. De s\u00e9rie avec M-Tronic, pour une puissance du moteur optimale d\u00e8s le d\u00e9marrage, moteur 2-MIX \u00e9conomique, \u00e9crou imperdable sur le cache du pignon de cha\u00eene pour le remplacement rapide de la cha\u00eene, guide-cha\u00eene de structure l\u00e9g\u00e8re pour diminuer le poids total, de s\u00e9rie avec cha\u00eene 3\/8 <a href=\"https:\/\/www.lacuma-motocultures.com\/\">\u00bb<\/a><\/p>\n<p>&nbsp;<\/p>\n<ul>\n<li><\/li>\n<\/ul>\n<\/div>\n<\/div>","protected":false},"excerpt":{"rendered":"<p><strong>Livr\u00e9e avec :<\/strong><\/p>\n<ul>\n<li><strong>un guide de 35cm<\/strong><\/li>\n<li><strong>une cha\u00eene en 3\/8\u2033\u00a0Picco Micro 3<\/strong><\/li>\n<li><strong>un guide Rollo E Light\u00a0de 35\u00a0cm<\/strong><\/li>\n<li><strong>un prot\u00e8ge guide STIHL\u00a0<\/strong><\/li>\n<\/ul>","protected":false},"featured_media":31774,"comment_status":"closed","ping_status":"closed","template":"","meta":[],"product_brand":[],"product_cat":[391],"product_tag":[],"class_list":{"0":"post-31738","1":"product","2":"type-product","3":"status-publish","4":"has-post-thumbnail","6":"product_cat-tronconneuses","8":"first","9":"instock","10":"shipping-taxable","11":"purchasable","12":"product-type-simple"},"_links":{"self":[{"href":"https:\/\/motocultureservices.com\/en\/wp-json\/wp\/v2\/product\/31738","targetHints":{"allow":["GET"]}}],"collection":[{"href":"https:\/\/motocultureservices.com\/en\/wp-json\/wp\/v2\/product"}],"about":[{"href":"https:\/\/motocultureservices.com\/en\/wp-json\/wp\/v2\/types\/product"}],"replies":[{"embeddable":true,"href":"https:\/\/motocultureservices.com\/en\/wp-json\/wp\/v2\/comments?post=31738"}],"version-history":[{"count":1,"href":"https:\/\/motocultureservices.com\/en\/wp-json\/wp\/v2\/product\/31738\/revisions"}],"predecessor-version":[{"id":31775,"href":"https:\/\/motocultureservices.com\/en\/wp-json\/wp\/v2\/product\/31738\/revisions\/31775"}],"wp:featuredmedia":[{"embeddable":true,"href":"https:\/\/motocultureservices.com\/en\/wp-json\/wp\/v2\/media\/31774"}],"wp:attachment":[{"href":"https:\/\/motocultureservices.com\/en\/wp-json\/wp\/v2\/media?parent=31738"}],"wp:term":[{"taxonomy":"product_brand","embeddable":true,"href":"https:\/\/motocultureservices.com\/en\/wp-json\/wp\/v2\/product_brand?post=31738"},{"taxonomy":"product_cat","embeddable":true,"href":"https:\/\/motocultureservices.com\/en\/wp-json\/wp\/v2\/product_cat?post=31738"},{"taxonomy":"product_tag","embeddable":true,"href":"https:\/\/motocultureservices.com\/en\/wp-json\/wp\/v2\/product_tag?post=31738"}],"curies":[{"name":"wp","href":"https:\/\/api.w.org\/{rel}","templated":true}]}}