{"id":31689,"date":"2026-02-02T20:34:49","date_gmt":"2026-02-02T20:34:49","guid":{"rendered":"https:\/\/motocultureservices.com\/?post_type=product&#038;p=31689"},"modified":"2026-02-02T20:35:15","modified_gmt":"2026-02-02T20:35:15","slug":"tronconneuse-stihl-ms-241-c-m-426-cm%c2%b3-guide-40-ou-45-cm","status":"publish","type":"product","link":"https:\/\/motocultureservices.com\/en\/product\/tronconneuse-stihl-ms-241-c-m-426-cm%c2%b3-guide-40-ou-45-cm\/","title":{"rendered":"Tron\u00e7onneuse Stihl MS 241 C-M \u2013 42,6 cm\u00b3, guide 40 ou 45 cm"},"content":{"rendered":"<div class=\"elementor-element elementor-element-1caffc0 elementor-widget elementor-widget-wd_title\" data-id=\"1caffc0\" data-element_type=\"widget\" data-widget_type=\"wd_title.default\">\n<div class=\"elementor-widget-container\">\n<div class=\"title-wrapper set-mb-s reset-last-child wd-title-color-default wd-title-style-default wd-title-size-default text-left\">\n<div class=\"liner-continer\">\n<h4 class=\"woodmart-title-container title wd-fontsize-l\">Description<\/h4>\n<p><span style=\"color: #ffffff;\">Tron\u00e7onneuse Stihl MS 241 C-M \u2013 42,6 cm\u00b3, guide 40 ou 45 cm<\/span><\/p>\n<\/div>\n<\/div>\n<\/div>\n<\/div>\n<div class=\"elementor-element elementor-element-e24b901 wd-single-content elementor-widget elementor-widget-wd_single_product_content\" data-id=\"e24b901\" data-element_type=\"widget\" data-widget_type=\"wd_single_product_content.default\">\n<div class=\"elementor-widget-container\">\n<p>Excellente tron\u00e7onneuse thermique pour l\u2019abattage d\u2019arbres l\u00e9gers avec plus de puissance du moteur pour un poids inf\u00e9rieur. \u00c9quip\u00e9e de s\u00e9rie avec M-Tronic. Syst\u00e8me de filtre \u00e0 air de longue dur\u00e9e avec filtre HD2 pour de longs intervalles de nettoyage, \u00e9crou imperdable sur le cache du pignon de cha\u00eene, moteur 2-MIX \u00e9conomique, une cha\u00eene 325<a href=\"https:\/\/shopper-markt.com\/produit\/bohmer-ag-generateur-inverter-essence-w4500i-2000w\/\">\u2033<\/a> PRO pour une excellente qualit\u00e9 de coupe<a href=\"https:\/\/www.lacuma-motocultures.com\/\">.<\/a><\/p>\n<p>&nbsp;<\/p>\n<p>&nbsp;<\/p>\n<\/div>\n<\/div>","protected":false},"excerpt":{"rendered":"<p><strong>Livr\u00e9e avec :<\/strong><\/p>\n<p><strong>Guide cha\u00eene au choix : 40 ou 45cm (A noter dans votre note de commande avant finalisation de votre commande)<\/strong><br \/>\n<strong>\u2013\u00a0une cha\u00eene en 325\u2033 Rapid Micro 3\u00a0PRO \u2013 jauge 1,3 mm<\/strong><br \/>\n<strong>\u2013\u00a0un guide Rollo E<\/strong><br \/>\n<strong>\u2013 un prot\u00e8ge guide STIHL<\/strong><\/p>","protected":false},"featured_media":31772,"comment_status":"closed","ping_status":"closed","template":"","meta":[],"product_brand":[],"product_cat":[391],"product_tag":[],"class_list":{"0":"post-31689","1":"product","2":"type-product","3":"status-publish","4":"has-post-thumbnail","6":"product_cat-tronconneuses","8":"first","9":"instock","10":"shipping-taxable","11":"purchasable","12":"product-type-simple"},"_links":{"self":[{"href":"https:\/\/motocultureservices.com\/en\/wp-json\/wp\/v2\/product\/31689","targetHints":{"allow":["GET"]}}],"collection":[{"href":"https:\/\/motocultureservices.com\/en\/wp-json\/wp\/v2\/product"}],"about":[{"href":"https:\/\/motocultureservices.com\/en\/wp-json\/wp\/v2\/types\/product"}],"replies":[{"embeddable":true,"href":"https:\/\/motocultureservices.com\/en\/wp-json\/wp\/v2\/comments?post=31689"}],"version-history":[{"count":1,"href":"https:\/\/motocultureservices.com\/en\/wp-json\/wp\/v2\/product\/31689\/revisions"}],"predecessor-version":[{"id":31773,"href":"https:\/\/motocultureservices.com\/en\/wp-json\/wp\/v2\/product\/31689\/revisions\/31773"}],"wp:featuredmedia":[{"embeddable":true,"href":"https:\/\/motocultureservices.com\/en\/wp-json\/wp\/v2\/media\/31772"}],"wp:attachment":[{"href":"https:\/\/motocultureservices.com\/en\/wp-json\/wp\/v2\/media?parent=31689"}],"wp:term":[{"taxonomy":"product_brand","embeddable":true,"href":"https:\/\/motocultureservices.com\/en\/wp-json\/wp\/v2\/product_brand?post=31689"},{"taxonomy":"product_cat","embeddable":true,"href":"https:\/\/motocultureservices.com\/en\/wp-json\/wp\/v2\/product_cat?post=31689"},{"taxonomy":"product_tag","embeddable":true,"href":"https:\/\/motocultureservices.com\/en\/wp-json\/wp\/v2\/product_tag?post=31689"}],"curies":[{"name":"wp","href":"https:\/\/api.w.org\/{rel}","templated":true}]}}