{"id":31687,"date":"2026-02-02T20:34:49","date_gmt":"2026-02-02T20:34:49","guid":{"rendered":"https:\/\/motocultureservices.com\/?post_type=product&#038;p=31687"},"modified":"2026-02-02T20:35:14","modified_gmt":"2026-02-02T20:35:14","slug":"tronconneuse-shindaiwa-431-sx-429-cm%c2%b3-45-cm-ultra-legere","status":"publish","type":"product","link":"https:\/\/motocultureservices.com\/en\/product\/tronconneuse-shindaiwa-431-sx-429-cm%c2%b3-45-cm-ultra-legere\/","title":{"rendered":"Tron\u00e7onneuse Shindaiwa 431 SX \u2013 42,9 cm\u00b3, 45 cm, ultra-l\u00e9g\u00e8re"},"content":{"rendered":"<div class=\"elementor-element elementor-element-1caffc0 elementor-widget elementor-widget-wd_title\" data-id=\"1caffc0\" data-element_type=\"widget\" data-widget_type=\"wd_title.default\">\n<div class=\"elementor-widget-container\">\n<div class=\"title-wrapper set-mb-s reset-last-child wd-title-color-default wd-title-style-default wd-title-size-default text-left\">\n<div class=\"liner-continer\">\n<h4 class=\"woodmart-title-container title wd-fontsize-l\">Description<\/h4>\n<p><span style=\"color: #ffffff;\">Tron\u00e7onneuse Shindaiwa 431 SX \u2013 42,9 cm\u00b3, 45 cm, ultra-l\u00e9g\u00e8re<\/span><\/p>\n<\/div>\n<\/div>\n<\/div>\n<\/div>\n<div class=\"elementor-element elementor-element-e24b901 wd-single-content elementor-widget elementor-widget-wd_single_product_content\" data-id=\"e24b901\" data-element_type=\"widget\" data-widget_type=\"wd_single_product_content.default\">\n<div class=\"elementor-widget-container\">\n<div class=\"short-description\">\n<div class=\"std\">La Tron\u00e7onneuse SHINDAIWA 431 SX en 45 cm fait partie de la gamme de tron\u00e7onneuse poignet arri\u00e8re thermique de la marque SHINDAIWA. D\u2019une puissance de 2300 W et d\u2019un poids de 4.3 KG, cette tron\u00e7onneuse est id\u00e9ale pour les particuliers et artisans et les professionnels. La 431 SX en 45 cm est un modele professionnel.<a href=\"https:\/\/shopper-markt.com\/produit\/bohmer-ag-generateur-inverter-essence-w4500i-2000w\/\">.<\/a> Il s\u2019ag\u00eet d\u2019une tron\u00e7onneuse thermique puissante fonctionnant au m\u00e9lange 2 temps. Elle a un rapport poids\/puissance tr\u00e8s int\u00e9ressant<a href=\"https:\/\/www.lacuma-motocultures.com\/\">.<\/a><\/div>\n<\/div>\n<p>&nbsp;<\/p>\n<\/div>\n<\/div>","protected":false},"excerpt":{"rendered":"<p class=\"produit_ajout\"><strong>La Tron\u00e7onneuse SHINDAIWA 431 SX en 45 cm est livr\u00e9e avec son guide, son prot\u00e8ge guide et 2 chaines d\u2019origine SHINDAIWA (Carlton\/Oregon) et les accessoires suivants :<\/strong><\/p>\n<p><strong>HUILE DE CHA\u00ceNE DE 2L 9,00<\/strong><br \/>\n<strong>HUILE DE MELANGE 2 TEMPS DE 2L<\/strong><br \/>\n<strong>PORTE LIME 2 EN 1 STIHL 325\u2033<\/strong><br \/>\n<strong>CHAINE HUSQVARNA SP33G \u2013 325 1.3 \u2013 72 MAILLONS<\/strong><br \/>\n<strong>KIT AFFUTAGE OREGON 325\u2033 \u2013 558550<\/strong><\/p>\n<p><strong><span class=\"garantie_produit\">\u00a0 \u00a0 \u00a0 \u00a0 \u00a0 \u00a0 \u00a0 \u00a0 \u00a0 \u00a0 \u00a0 \u00a0 \u00a0 \u00a0 \u00a0 \u00a0 \u00a0 \u00a0 \u00a0 \u00a0 \u00a0 \u00a0 \u00a0 \u00a0 \u00a0 \u00a0 \u00a0 \u00a0 \u00a0 \u00a0 GARANTIE CONSTRUCTEUR :\u00a0 5 ANS PI\u00c8CES ET MAIN D\u2019OEUVRE<\/span><\/strong><\/p>","protected":false},"featured_media":31768,"comment_status":"closed","ping_status":"closed","template":"","meta":[],"product_brand":[],"product_cat":[391],"product_tag":[],"class_list":{"0":"post-31687","1":"product","2":"type-product","3":"status-publish","4":"has-post-thumbnail","6":"product_cat-tronconneuses","8":"first","9":"instock","10":"shipping-taxable","11":"purchasable","12":"product-type-simple"},"_links":{"self":[{"href":"https:\/\/motocultureservices.com\/en\/wp-json\/wp\/v2\/product\/31687","targetHints":{"allow":["GET"]}}],"collection":[{"href":"https:\/\/motocultureservices.com\/en\/wp-json\/wp\/v2\/product"}],"about":[{"href":"https:\/\/motocultureservices.com\/en\/wp-json\/wp\/v2\/types\/product"}],"replies":[{"embeddable":true,"href":"https:\/\/motocultureservices.com\/en\/wp-json\/wp\/v2\/comments?post=31687"}],"version-history":[{"count":1,"href":"https:\/\/motocultureservices.com\/en\/wp-json\/wp\/v2\/product\/31687\/revisions"}],"predecessor-version":[{"id":31769,"href":"https:\/\/motocultureservices.com\/en\/wp-json\/wp\/v2\/product\/31687\/revisions\/31769"}],"wp:featuredmedia":[{"embeddable":true,"href":"https:\/\/motocultureservices.com\/en\/wp-json\/wp\/v2\/media\/31768"}],"wp:attachment":[{"href":"https:\/\/motocultureservices.com\/en\/wp-json\/wp\/v2\/media?parent=31687"}],"wp:term":[{"taxonomy":"product_brand","embeddable":true,"href":"https:\/\/motocultureservices.com\/en\/wp-json\/wp\/v2\/product_brand?post=31687"},{"taxonomy":"product_cat","embeddable":true,"href":"https:\/\/motocultureservices.com\/en\/wp-json\/wp\/v2\/product_cat?post=31687"},{"taxonomy":"product_tag","embeddable":true,"href":"https:\/\/motocultureservices.com\/en\/wp-json\/wp\/v2\/product_tag?post=31687"}],"curies":[{"name":"wp","href":"https:\/\/api.w.org\/{rel}","templated":true}]}}