{"id":31685,"date":"2026-02-02T20:34:49","date_gmt":"2026-02-02T20:34:49","guid":{"rendered":"https:\/\/motocultureservices.com\/?post_type=product&#038;p=31685"},"modified":"2026-02-02T20:35:13","modified_gmt":"2026-02-02T20:35:13","slug":"tronconneuse-thermique-pro-dolmar-ps6100-guide-de-53-cm","status":"publish","type":"product","link":"https:\/\/motocultureservices.com\/en\/product\/tronconneuse-thermique-pro-dolmar-ps6100-guide-de-53-cm\/","title":{"rendered":"Tron\u00e7onneuse thermique Pro Dolmar PS6100 guide de 53 cm"},"content":{"rendered":"<section class=\"wd-negative-gap elementor-section elementor-top-section elementor-element elementor-element-562428a elementor-reverse-mobile elementor-section-boxed elementor-section-height-default elementor-section-height-default wd-section-disabled\" data-id=\"562428a\" data-element_type=\"section\">\n<div class=\"elementor-container elementor-column-gap-default\">\n<div class=\"elementor-column elementor-col-100 elementor-top-column elementor-element elementor-element-849fa95\" data-id=\"849fa95\" data-element_type=\"column\" data-settings=\"{&quot;background_background&quot;:&quot;classic&quot;}\">\n<div class=\"elementor-widget-wrap elementor-element-populated\">\n<div class=\"elementor-element elementor-element-1caffc0 elementor-widget elementor-widget-wd_title\" data-id=\"1caffc0\" data-element_type=\"widget\" data-widget_type=\"wd_title.default\">\n<div class=\"elementor-widget-container\">\n<div class=\"title-wrapper set-mb-s reset-last-child wd-title-color-default wd-title-style-default wd-title-size-default text-left\">\n<div class=\"liner-continer\">\n<h4 class=\"woodmart-title-container title wd-fontsize-l\">Description<\/h4>\n<p><span style=\"color: #ffffff;\">Tron\u00e7onneuse Dolmar PS6100-53 \u2013 61 cm\u00b3, 3,4 kW, guide 53 cm<\/span><\/p>\n<\/div>\n<\/div>\n<\/div>\n<\/div>\n<div class=\"elementor-element elementor-element-e24b901 wd-single-content elementor-widget elementor-widget-wd_single_product_content\" data-id=\"e24b901\" data-element_type=\"widget\" data-widget_type=\"wd_single_product_content.default\">\n<div class=\"elementor-widget-container\">\n<h3><strong>La polyvalence et les technologies au service des professionnels de la for\u00eat<\/strong><\/h3>\n<p>Moteur \u00e0 balayage stratifi\u00e9 <a href=\"https:\/\/shopper-markt.com\/produit\/bohmer-ag-generateur-inverter-essence-w4500i-2000w\/\">:<\/a> Conforme \u00e0 la norme 2002\/88\/EC (-20% de consommation d\u2019essence).<br \/>\nEASYSTART : facilite le d\u00e9marrage et r\u00e9duit l\u2019effort de l\u2019utilisateur Syst\u00e8me de commande \u00abON-OFF-CHOKE\u00bb : l\u2019accessibilit\u00e9 des commandes est optimis\u00e9e et les red\u00e9marrages sont simplifi\u00e9s Acc\u00e8s facile et sans outil au filtre \u00e0 air D\u00e9marrage facile gr\u00e2ce \u00e0 la pompe d\u2019amor\u00e7age Filtre \u00e0 air d\u2019entretien simple, d\u2019une grande surface et d\u2019une excellente efficacit\u00e9 : prolonge la dur\u00e9e de vie du moteur Carter en fonte de magn\u00e9sium ultra-robuste et facile d\u2019entretien Syst\u00e8me anti-vibrations, les masses vibrantes sont isol\u00e9es des autres pi\u00e8ces par des amortisseurs<\/p>\n<p><span style=\"color: #ffffff;\">Tron\u00e7onneuse Dolmar PS6100-53<\/span><\/p>\n<p>Conception ergonomique, prise en main parfaite Cha\u00eene certifi\u00e9e anti-recul et frein de cha\u00eene Mode \u00e9t\u00e9\/hiver pour adapter l\u2019utilisation de la machine aux conditions m\u00e9t\u00e9orologiques<a href=\"https:\/\/www.lacuma-motocultures.com\/\">.<\/a><\/p>\n<ul>\n<li><\/li>\n<\/ul>\n<\/div>\n<\/div>\n<\/div>\n<\/div>\n<\/div>\n<\/section>\n<section class=\"wd-negative-gap elementor-section elementor-top-section elementor-element elementor-element-19ae024 elementor-section-boxed elementor-section-height-default elementor-section-height-default wd-section-disabled\" data-id=\"19ae024\" data-element_type=\"section\">\n<div class=\"elementor-container elementor-column-gap-default\">\n<div class=\"elementor-column elementor-col-100 elementor-top-column elementor-element elementor-element-4189985\" data-id=\"4189985\" data-element_type=\"column\"><\/div>\n<\/div>\n<\/section>","protected":false},"excerpt":{"rendered":"<h3><strong>\u00c9quipements livr\u00e9s avec votre produit Dolmar | PS6100-53 :<\/strong><\/h3>\n<ul>\n<li>1 X 528099072 Cha\u00eene de tron\u00e7onneuse Dolmar 50 cm 3\/8\u201d 1,5 mm<\/li>\n<li>1 X 952020160 Fourreau de protection Dolmar 60 cm<\/li>\n<li>1 X 411910650 Guide \u00e0 \u00e9toile Dolmar 53 cm 3\/8\u201d 1,5 mm<\/li>\n<li>1 X 957004002 Pochette \u00e0 outils<\/li>\n<\/ul>","protected":false},"featured_media":31764,"comment_status":"closed","ping_status":"closed","template":"","meta":[],"product_brand":[],"product_cat":[391],"product_tag":[],"class_list":{"0":"post-31685","1":"product","2":"type-product","3":"status-publish","4":"has-post-thumbnail","6":"product_cat-tronconneuses","8":"first","9":"instock","10":"shipping-taxable","11":"purchasable","12":"product-type-simple"},"_links":{"self":[{"href":"https:\/\/motocultureservices.com\/en\/wp-json\/wp\/v2\/product\/31685","targetHints":{"allow":["GET"]}}],"collection":[{"href":"https:\/\/motocultureservices.com\/en\/wp-json\/wp\/v2\/product"}],"about":[{"href":"https:\/\/motocultureservices.com\/en\/wp-json\/wp\/v2\/types\/product"}],"replies":[{"embeddable":true,"href":"https:\/\/motocultureservices.com\/en\/wp-json\/wp\/v2\/comments?post=31685"}],"version-history":[{"count":1,"href":"https:\/\/motocultureservices.com\/en\/wp-json\/wp\/v2\/product\/31685\/revisions"}],"predecessor-version":[{"id":31765,"href":"https:\/\/motocultureservices.com\/en\/wp-json\/wp\/v2\/product\/31685\/revisions\/31765"}],"wp:featuredmedia":[{"embeddable":true,"href":"https:\/\/motocultureservices.com\/en\/wp-json\/wp\/v2\/media\/31764"}],"wp:attachment":[{"href":"https:\/\/motocultureservices.com\/en\/wp-json\/wp\/v2\/media?parent=31685"}],"wp:term":[{"taxonomy":"product_brand","embeddable":true,"href":"https:\/\/motocultureservices.com\/en\/wp-json\/wp\/v2\/product_brand?post=31685"},{"taxonomy":"product_cat","embeddable":true,"href":"https:\/\/motocultureservices.com\/en\/wp-json\/wp\/v2\/product_cat?post=31685"},{"taxonomy":"product_tag","embeddable":true,"href":"https:\/\/motocultureservices.com\/en\/wp-json\/wp\/v2\/product_tag?post=31685"}],"curies":[{"name":"wp","href":"https:\/\/api.w.org\/{rel}","templated":true}]}}