{"id":31679,"date":"2026-02-02T20:34:49","date_gmt":"2026-02-02T20:34:49","guid":{"rendered":"https:\/\/motocultureservices.com\/?post_type=product&#038;p=31679"},"modified":"2026-02-02T20:35:08","modified_gmt":"2026-02-02T20:35:08","slug":"tronconneuse-thermique-husqvarna-562-xp","status":"publish","type":"product","link":"https:\/\/motocultureservices.com\/en\/product\/tronconneuse-thermique-husqvarna-562-xp\/","title":{"rendered":"Tron\u00e7onneuse thermique HUSQVARNA 562 XP"},"content":{"rendered":"<div class=\"elementor-element elementor-element-1caffc0 elementor-widget elementor-widget-wd_title\" data-id=\"1caffc0\" data-element_type=\"widget\" data-widget_type=\"wd_title.default\">\n<div class=\"elementor-widget-container\">\n<div class=\"title-wrapper set-mb-s reset-last-child wd-title-color-default wd-title-style-default wd-title-size-default text-left\">\n<div class=\"liner-continer\">\n<h4 class=\"woodmart-title-container title wd-fontsize-l\">Description<\/h4>\n<p><span style=\"color: #ffffff;\">Tron\u00e7onneuse Husqvarna 562XP \u2013 59,8 cm\u00b3, 3,5 kW, cha\u00eene C85<\/span><\/p>\n<\/div>\n<\/div>\n<\/div>\n<\/div>\n<div class=\"elementor-element elementor-element-e24b901 wd-single-content elementor-widget elementor-widget-wd_single_product_content\" data-id=\"e24b901\" data-element_type=\"widget\" data-widget_type=\"wd_single_product_content.default\">\n<div class=\"elementor-widget-container\">\n<div class=\"short-description\">\n<div class=\"std\">\n<div class=\"short-description\">\n<div class=\"std\">La tron\u00e7onneuse HUSQVARNA 562 XP fait partie de la gamme de tron\u00e7onneuse thermique pour professionnels de la for\u00eat de la marque HUSQVARNA. D\u2019une puissance de 3500 W et d\u2019un poids de 4,9 Kg, cette tron\u00e7onneuse professionnelle est robuste et puissante<a href=\"https:\/\/shopper-markt.com\/produit\/bohmer-ag-generateur-inverter-essence-w4500i-2000w\/\">.<\/a> La 562XP est \u00e9quip\u00e9e d\u2019un moteur 2 temps<a href=\"https:\/\/www.lacuma-motocultures.com\/\">.<\/a><\/div>\n<\/div>\n<\/div>\n<\/div>\n<div class=\"product-img-box\">\n<div><\/div>\n<\/div>\n<\/div>\n<\/div>","protected":false},"excerpt":{"rendered":"<p class=\"produit_ajout\"><strong>La Tron\u00e7onneuse HUSQVARNA 562 XP est livr\u00e9e avec 2 chaines d\u2019origine HUSQVARNA\u00a0<b>et les accessoires suivants :<\/b><\/strong><\/p>\n<p><strong>HUILE DE CHA\u00ceNE DE 2L<\/strong><br \/>\n<strong>HUILE DE MELANGE 2 TEMPS DE 2L<\/strong><br \/>\n<strong>CHAINE HUSQVARNA H54 \u2013 3\/8\u2033 \u2013 1.5 \u2013 72 MAILLONS<\/strong><br \/>\n<strong>PORTE LIME AFFUTEUR 2 EN 1 EN 3\/8 CSX 50<\/strong><br \/>\n<strong>KIT AFFUTAGE OREGON 3\/8 OU 404 \u2013 558551<\/strong><\/p>\n<div class=\"product-img-box\">\n<div><strong><span class=\"garantie_produit\">\u00a0 \u00a0 \u00a0 \u00a0 \u00a0 \u00a0 \u00a0 \u00a0 \u00a0 \u00a0 \u00a0 \u00a0 \u00a0 \u00a0 \u00a0 \u00a0 \u00a0 \u00a0 \u00a0 \u00a0 \u00a0 \u00a0 \u00a0 \u00a0 \u00a0 \u00a0 \u00a0 \u00a0 \u00a0 \u00a0 GARANTIE CONSTRUCTEUR : 2 ANS PI\u00c8CES ET MAIN D\u2019OEUVRE<\/span><\/strong><\/div>\n<\/div>","protected":false},"featured_media":31728,"comment_status":"closed","ping_status":"closed","template":"","meta":[],"product_brand":[],"product_cat":[391],"product_tag":[],"class_list":{"0":"post-31679","1":"product","2":"type-product","3":"status-publish","4":"has-post-thumbnail","6":"product_cat-tronconneuses","8":"first","9":"instock","10":"shipping-taxable","11":"purchasable","12":"product-type-simple"},"_links":{"self":[{"href":"https:\/\/motocultureservices.com\/en\/wp-json\/wp\/v2\/product\/31679","targetHints":{"allow":["GET"]}}],"collection":[{"href":"https:\/\/motocultureservices.com\/en\/wp-json\/wp\/v2\/product"}],"about":[{"href":"https:\/\/motocultureservices.com\/en\/wp-json\/wp\/v2\/types\/product"}],"replies":[{"embeddable":true,"href":"https:\/\/motocultureservices.com\/en\/wp-json\/wp\/v2\/comments?post=31679"}],"version-history":[{"count":1,"href":"https:\/\/motocultureservices.com\/en\/wp-json\/wp\/v2\/product\/31679\/revisions"}],"predecessor-version":[{"id":31729,"href":"https:\/\/motocultureservices.com\/en\/wp-json\/wp\/v2\/product\/31679\/revisions\/31729"}],"wp:featuredmedia":[{"embeddable":true,"href":"https:\/\/motocultureservices.com\/en\/wp-json\/wp\/v2\/media\/31728"}],"wp:attachment":[{"href":"https:\/\/motocultureservices.com\/en\/wp-json\/wp\/v2\/media?parent=31679"}],"wp:term":[{"taxonomy":"product_brand","embeddable":true,"href":"https:\/\/motocultureservices.com\/en\/wp-json\/wp\/v2\/product_brand?post=31679"},{"taxonomy":"product_cat","embeddable":true,"href":"https:\/\/motocultureservices.com\/en\/wp-json\/wp\/v2\/product_cat?post=31679"},{"taxonomy":"product_tag","embeddable":true,"href":"https:\/\/motocultureservices.com\/en\/wp-json\/wp\/v2\/product_tag?post=31679"}],"curies":[{"name":"wp","href":"https:\/\/api.w.org\/{rel}","templated":true}]}}