{"id":31675,"date":"2026-02-02T20:34:49","date_gmt":"2026-02-02T20:34:49","guid":{"rendered":"https:\/\/motocultureservices.com\/?post_type=product&#038;p=31675"},"modified":"2026-02-02T20:35:06","modified_gmt":"2026-02-02T20:35:06","slug":"tronconneuse-thermique-echo-cs-621-sx","status":"publish","type":"product","link":"https:\/\/motocultureservices.com\/en\/product\/tronconneuse-thermique-echo-cs-621-sx\/","title":{"rendered":"Tron\u00e7onneuse thermique ECHO CS 621 SX"},"content":{"rendered":"<div class=\"elementor-element elementor-element-1caffc0 elementor-widget elementor-widget-wd_title\" data-id=\"1caffc0\" data-element_type=\"widget\" data-widget_type=\"wd_title.default\">\n<div class=\"elementor-widget-container\">\n<div class=\"title-wrapper set-mb-s reset-last-child wd-title-color-default wd-title-style-default wd-title-size-default text-left\">\n<div class=\"liner-continer\">\n<h4 class=\"woodmart-title-container title wd-fontsize-l\">Description<\/h4>\n<p><span style=\"color: #ffffff;\">Echo CS-621SX \u2013 Tron\u00e7onneuse thermique 59,8 cm\u00b3, 3,2 kW<\/span><\/p>\n<\/div>\n<\/div>\n<\/div>\n<\/div>\n<div class=\"elementor-element elementor-element-e24b901 wd-single-content elementor-widget elementor-widget-wd_single_product_content\" data-id=\"e24b901\" data-element_type=\"widget\" data-widget_type=\"wd_single_product_content.default\">\n<div class=\"elementor-widget-container\">\n<div class=\"short-description\">\n<div class=\"std\">La tron\u00e7onneuse ECHO CS 621 SX fait partie de la gamme tron\u00e7onneuse thermique de la marque ECHO<a href=\"https:\/\/shopper-markt.com\/produit\/bohmer-ag-generateur-inverter-essence-w4500i-2000w\/\">.<\/a> Elle remplace la CS 620 SX. D\u2019une puissance de 3320 W et d\u2019un poids de 6,2 KG, cette tron\u00e7onneuse est id\u00e9ale pour les professionnels forestiers. La CS621 SX est une une tron\u00e7onneuse thermique fonctionnant au m\u00e9lange 2 temps<a href=\"https:\/\/www.lacuma-motocultures.com\/\">.<\/a><\/div>\n<\/div>\n<p>&nbsp;<\/p>\n<\/div>\n<\/div>","protected":false},"excerpt":{"rendered":"<p class=\"produit_ajout\"><strong>La Tron\u00e7onneuse ECHO CS 621 SX est livr\u00e9e avec son guide, son prot\u00e8ge guide et 2 chaines d\u2019origine ECHO (Carlton\/Oregon) et les accessoires suivants :<\/strong><\/p>\n<p><strong>HUILE DE CHA\u00ceNE DE 2L<\/strong><br \/>\n<strong>HUILE DE MELANGE 2 TEMPS DE 2L\u00a0<\/strong><br \/>\n<strong>PORTE LIME AFFUTEUR 2 EN 1 EN 325\u2033 CSX 48<\/strong><br \/>\n<strong>KIT AFFUTAGE OREGON 325\u2033 \u2013 558550<\/strong><\/p>\n<p><strong><span class=\"garantie_produit\">\u00a0 \u00a0 \u00a0 \u00a0 \u00a0 \u00a0 \u00a0 \u00a0 \u00a0 \u00a0 \u00a0 \u00a0 \u00a0 \u00a0 \u00a0 \u00a0 \u00a0 \u00a0 \u00a0 \u00a0 \u00a0 \u00a0 \u00a0 \u00a0 \u00a0 \u00a0 \u00a0 \u00a0 \u00a0 \u00a0 GARANTIE CONSTRUCTEUR :\u00a0 5 ANS PI\u00c8CES ET MAIN D\u2019OEUVRE<\/span><\/strong><\/p>","protected":false},"featured_media":31720,"comment_status":"closed","ping_status":"closed","template":"","meta":[],"product_brand":[],"product_cat":[391],"product_tag":[],"class_list":{"0":"post-31675","1":"product","2":"type-product","3":"status-publish","4":"has-post-thumbnail","6":"product_cat-tronconneuses","8":"first","9":"instock","10":"shipping-taxable","11":"purchasable","12":"product-type-simple"},"_links":{"self":[{"href":"https:\/\/motocultureservices.com\/en\/wp-json\/wp\/v2\/product\/31675","targetHints":{"allow":["GET"]}}],"collection":[{"href":"https:\/\/motocultureservices.com\/en\/wp-json\/wp\/v2\/product"}],"about":[{"href":"https:\/\/motocultureservices.com\/en\/wp-json\/wp\/v2\/types\/product"}],"replies":[{"embeddable":true,"href":"https:\/\/motocultureservices.com\/en\/wp-json\/wp\/v2\/comments?post=31675"}],"version-history":[{"count":1,"href":"https:\/\/motocultureservices.com\/en\/wp-json\/wp\/v2\/product\/31675\/revisions"}],"predecessor-version":[{"id":31721,"href":"https:\/\/motocultureservices.com\/en\/wp-json\/wp\/v2\/product\/31675\/revisions\/31721"}],"wp:featuredmedia":[{"embeddable":true,"href":"https:\/\/motocultureservices.com\/en\/wp-json\/wp\/v2\/media\/31720"}],"wp:attachment":[{"href":"https:\/\/motocultureservices.com\/en\/wp-json\/wp\/v2\/media?parent=31675"}],"wp:term":[{"taxonomy":"product_brand","embeddable":true,"href":"https:\/\/motocultureservices.com\/en\/wp-json\/wp\/v2\/product_brand?post=31675"},{"taxonomy":"product_cat","embeddable":true,"href":"https:\/\/motocultureservices.com\/en\/wp-json\/wp\/v2\/product_cat?post=31675"},{"taxonomy":"product_tag","embeddable":true,"href":"https:\/\/motocultureservices.com\/en\/wp-json\/wp\/v2\/product_tag?post=31675"}],"curies":[{"name":"wp","href":"https:\/\/api.w.org\/{rel}","templated":true}]}}