{"id":31624,"date":"2026-02-02T20:34:28","date_gmt":"2026-02-02T20:34:28","guid":{"rendered":"https:\/\/motocultureservices.com\/?post_type=product&#038;p=31624"},"modified":"2026-02-02T20:34:55","modified_gmt":"2026-02-02T20:34:55","slug":"scie-sur-table-dewalt-2000-w-o-250-mm-dwe7491-dwe7492","status":"publish","type":"product","link":"https:\/\/motocultureservices.com\/en\/product\/scie-sur-table-dewalt-2000-w-o-250-mm-dwe7491-dwe7492\/","title":{"rendered":"Scie sur table Dewalt 2000 W \u00d8 250 mm \u2013 DWE7491 \/ DWE7492"},"content":{"rendered":"<div class=\"elementor-element elementor-element-1caffc0 elementor-widget elementor-widget-wd_title\" data-id=\"1caffc0\" data-element_type=\"widget\" data-widget_type=\"wd_title.default\">\n<div class=\"elementor-widget-container\">\n<div class=\"title-wrapper set-mb-s reset-last-child wd-title-color-default wd-title-style-default wd-title-size-default text-left\">\n<div class=\"liner-continer\">\n<h4 class=\"woodmart-title-container title wd-fontsize-l\">Description<\/h4>\n<p><span style=\"color: #ffffff;\">Scie sur table Dewalt 2000 W \u00d8 250 mm \u2013 DWE7491 \/ DWE7492<\/span><\/p>\n<\/div>\n<\/div>\n<\/div>\n<\/div>\n<div class=\"elementor-element elementor-element-e24b901 wd-single-content elementor-widget elementor-widget-wd_single_product_content\" data-id=\"e24b901\" data-element_type=\"widget\" data-widget_type=\"wd_single_product_content.default\">\n<div class=\"elementor-widget-container\">\n<div class=\"block-content\">\n<div class=\"product-description typo\">\n<p>Facile \u00e0 transporter, la\u00a0<strong>scie sur table\u00a0<\/strong>D27107XPS-QS de\u00a0<strong>Dewalt<\/strong>\u00a0est \u00e9galement une\u00a0<strong>scie \u00e0 onglets<\/strong>. Sur un chantier ou dans un atelier, elle permet de r\u00e9aliser des\u00a0<strong>coupes d\u2019onglets<\/strong>\u00a0comme des\u00a0<strong>coupes droites<\/strong>, notamment dans le bois.<\/p>\n<p>Gr\u00e2ce \u00e0 sa puissance utile de 1400W, la<strong>\u00a0D27107XPS-QS<\/strong>\u00a0offre une\u00a0profondeur de coupe jusqu\u2019\u00e0 155 mm.<\/p>\n<p>Conception robuste des carters avec rangement int\u00e9gr\u00e9 des outils et accessoires.<\/p>\n<p>La t\u00eate de scie dot\u00e9e d\u2019une lame de 305 mm<a href=\"https:\/\/shopper-markt.com\/produit\/bohmer-ag-generateur-inverter-essence-w4500i-2000w\/\">.<\/a><\/p>\n<p>Le\u00a0<strong>module \u00e9lectronique<\/strong>\u00a0assure une protection importante contre la surcharge et une\u00a0<strong>vitesse constante<\/strong>\u00a0pour des performances optimales.<\/p>\n<p><strong>Transformation rapide et sans outil, de scie \u00e0 table en scie \u00e0 onglets<\/strong>\u00a0; id\u00e9ale \u00e0 l\u2019atelier ou sur chantier.<\/p>\n<p>La D27107XPS-QS allie la pr\u00e9cision des scies \u00e0 onglets les plus modernes \u00e0 la puissance et la capacit\u00e9 des scies \u00e0 table sp\u00e9cialis\u00e9es<a href=\"https:\/\/www.lacuma-motocultures.com\/\">.<\/a><\/p>\n<\/div>\n<p>&nbsp;<\/p>\n<\/div>\n<\/div>\n<\/div>","protected":false},"excerpt":{"rendered":"<div class=\"product-description typo\">\n<p>Cette scie est \u00e9quip\u00e9e du\u00a0<strong>syst\u00e8me XPS<\/strong>, exclusif \u00e0 DEWALT. Ce syst\u00e8me assure la projection du trait de coupe sur le mat\u00e9riau et l\u2019<strong>\u00e9clairage<\/strong>\u00a0qualitatif de l\u2019espace de travail. P<strong>r\u00e9cision, visibilit\u00e9 et fiabilit\u00e9<\/strong>\u00a0sont les atouts du syst\u00e8me XPS (aucun ajustement requis).<\/p>\n<p>Pi\u00e8tement repliable, robuste et facile d\u2019emploi.<\/p>\n<p>Roulettes pour d\u00e9placer la scie facilement.<\/p>\n<p>Syst\u00e8me de pivotement et d\u2019inclinaison de la t\u00eate de scie,\u00a0<strong>facile \u00e0 manipuler et pr\u00e9cis<\/strong>.<\/p>\n<\/div>\n<p><strong>Garantie 3 ans<\/strong><\/p>","protected":false},"featured_media":31700,"comment_status":"closed","ping_status":"closed","template":"","meta":[],"product_brand":[],"product_cat":[390],"product_tag":[],"class_list":{"0":"post-31624","1":"product","2":"type-product","3":"status-publish","4":"has-post-thumbnail","6":"product_cat-scie","8":"first","9":"instock","10":"shipping-taxable","11":"purchasable","12":"product-type-simple"},"_links":{"self":[{"href":"https:\/\/motocultureservices.com\/en\/wp-json\/wp\/v2\/product\/31624","targetHints":{"allow":["GET"]}}],"collection":[{"href":"https:\/\/motocultureservices.com\/en\/wp-json\/wp\/v2\/product"}],"about":[{"href":"https:\/\/motocultureservices.com\/en\/wp-json\/wp\/v2\/types\/product"}],"replies":[{"embeddable":true,"href":"https:\/\/motocultureservices.com\/en\/wp-json\/wp\/v2\/comments?post=31624"}],"version-history":[{"count":1,"href":"https:\/\/motocultureservices.com\/en\/wp-json\/wp\/v2\/product\/31624\/revisions"}],"predecessor-version":[{"id":31701,"href":"https:\/\/motocultureservices.com\/en\/wp-json\/wp\/v2\/product\/31624\/revisions\/31701"}],"wp:featuredmedia":[{"embeddable":true,"href":"https:\/\/motocultureservices.com\/en\/wp-json\/wp\/v2\/media\/31700"}],"wp:attachment":[{"href":"https:\/\/motocultureservices.com\/en\/wp-json\/wp\/v2\/media?parent=31624"}],"wp:term":[{"taxonomy":"product_brand","embeddable":true,"href":"https:\/\/motocultureservices.com\/en\/wp-json\/wp\/v2\/product_brand?post=31624"},{"taxonomy":"product_cat","embeddable":true,"href":"https:\/\/motocultureservices.com\/en\/wp-json\/wp\/v2\/product_cat?post=31624"},{"taxonomy":"product_tag","embeddable":true,"href":"https:\/\/motocultureservices.com\/en\/wp-json\/wp\/v2\/product_tag?post=31624"}],"curies":[{"name":"wp","href":"https:\/\/api.w.org\/{rel}","templated":true}]}}