{"id":31622,"date":"2026-02-02T20:34:28","date_gmt":"2026-02-02T20:34:28","guid":{"rendered":"https:\/\/motocultureservices.com\/?post_type=product&#038;p=31622"},"modified":"2026-02-02T20:34:53","modified_gmt":"2026-02-02T20:34:53","slug":"scie-sur-table-dewalt-250mm-2000w-dwe7492","status":"publish","type":"product","link":"https:\/\/motocultureservices.com\/en\/product\/scie-sur-table-dewalt-250mm-2000w-dwe7492\/","title":{"rendered":"Scie sur table DEWALT 250mm 2000W \u2013 DWE7492"},"content":{"rendered":"<div class=\"elementor-element elementor-element-1caffc0 elementor-widget elementor-widget-wd_title\" data-id=\"1caffc0\" data-element_type=\"widget\" data-widget_type=\"wd_title.default\">\n<div class=\"elementor-widget-container\">\n<div class=\"title-wrapper set-mb-s reset-last-child wd-title-color-default wd-title-style-default wd-title-size-default text-left\">\n<div class=\"liner-continer\">\n<h4 class=\"woodmart-title-container title wd-fontsize-l\">Description<\/h4>\n<p><span style=\"color: #ffffff;\">DeWalt DWE7492 \u2013 Scie sur table 2000 W, lame 250 mm<\/span><\/p>\n<\/div>\n<\/div>\n<\/div>\n<\/div>\n<div class=\"elementor-element elementor-element-e24b901 wd-single-content elementor-widget elementor-widget-wd_single_product_content\" data-id=\"e24b901\" data-element_type=\"widget\" data-widget_type=\"wd_single_product_content.default\">\n<div class=\"elementor-widget-container\">\n<div class=\"block-content\">\n<div class=\"product-description typo\">\n<p>La\u00a0<strong>scie sur table Dewalt<\/strong>\u00a0DWE7492 a \u00e9t\u00e9 con\u00e7ue pour les applications professionnelles de coupes longitudinales, coupes transversales<a href=\"https:\/\/shopper-markt.com\/produit\/bohmer-ag-generateur-inverter-essence-w4500i-2000w\/\">,<\/a> coupes d\u2019onglet et coupes en biseau de diff\u00e9rentes mati\u00e8res comme le bois et le plastique<a href=\"https:\/\/www.lacuma-motocultures.com\/\">.<\/a><\/p>\n<p>&nbsp;<\/p>\n<\/div>\n<\/div>\n<\/div>\n<\/div>","protected":false},"excerpt":{"rendered":"<p><u><strong>Atouts de la DWE 7492 :<\/strong><\/u><\/p>\n<p>\u2013 Double syst\u00e8me de pignons et cr\u00e9maill\u00e8res, \u00e0 l\u2019avant et \u00e0 l\u2019arri\u00e8re de la table, garantissant un d\u00e9placement du guide toujours parall\u00e8lement \u00e0 la lame, et plus sp\u00e9cialement lors de travaux importants<br \/>\n\u2013 Barres de renfort con\u00e7ues pour r\u00e9sister aux chocs et chutes lors du transport<br \/>\n\u2013 Puissant moteur de 2000W pour de tr\u00e8s grandes performances quelles que soient les applications<br \/>\n\u2013 Table en fonte d\u2019aluminium assurant pr\u00e9cision et qualit\u00e9 de coupe<\/p>\n<p><strong>Garantie 3 ans<\/strong><\/p>","protected":false},"featured_media":31696,"comment_status":"closed","ping_status":"closed","template":"","meta":[],"product_brand":[],"product_cat":[390],"product_tag":[],"class_list":{"0":"post-31622","1":"product","2":"type-product","3":"status-publish","4":"has-post-thumbnail","6":"product_cat-scie","8":"first","9":"instock","10":"shipping-taxable","11":"purchasable","12":"product-type-simple"},"_links":{"self":[{"href":"https:\/\/motocultureservices.com\/en\/wp-json\/wp\/v2\/product\/31622","targetHints":{"allow":["GET"]}}],"collection":[{"href":"https:\/\/motocultureservices.com\/en\/wp-json\/wp\/v2\/product"}],"about":[{"href":"https:\/\/motocultureservices.com\/en\/wp-json\/wp\/v2\/types\/product"}],"replies":[{"embeddable":true,"href":"https:\/\/motocultureservices.com\/en\/wp-json\/wp\/v2\/comments?post=31622"}],"version-history":[{"count":1,"href":"https:\/\/motocultureservices.com\/en\/wp-json\/wp\/v2\/product\/31622\/revisions"}],"predecessor-version":[{"id":31697,"href":"https:\/\/motocultureservices.com\/en\/wp-json\/wp\/v2\/product\/31622\/revisions\/31697"}],"wp:featuredmedia":[{"embeddable":true,"href":"https:\/\/motocultureservices.com\/en\/wp-json\/wp\/v2\/media\/31696"}],"wp:attachment":[{"href":"https:\/\/motocultureservices.com\/en\/wp-json\/wp\/v2\/media?parent=31622"}],"wp:term":[{"taxonomy":"product_brand","embeddable":true,"href":"https:\/\/motocultureservices.com\/en\/wp-json\/wp\/v2\/product_brand?post=31622"},{"taxonomy":"product_cat","embeddable":true,"href":"https:\/\/motocultureservices.com\/en\/wp-json\/wp\/v2\/product_cat?post=31622"},{"taxonomy":"product_tag","embeddable":true,"href":"https:\/\/motocultureservices.com\/en\/wp-json\/wp\/v2\/product_tag?post=31622"}],"curies":[{"name":"wp","href":"https:\/\/api.w.org\/{rel}","templated":true}]}}