{"id":31620,"date":"2026-02-02T20:34:28","date_gmt":"2026-02-02T20:34:28","guid":{"rendered":"https:\/\/motocultureservices.com\/?post_type=product&#038;p=31620"},"modified":"2026-02-02T20:34:51","modified_gmt":"2026-02-02T20:34:51","slug":"scie-semi-stationnaire-festool-precisio-cs-70-ebg-2","status":"publish","type":"product","link":"https:\/\/motocultureservices.com\/en\/product\/scie-semi-stationnaire-festool-precisio-cs-70-ebg-2\/","title":{"rendered":"Scie semi-stationnaire FESTOOL PRECISIO CS 70 EBG"},"content":{"rendered":"<div class=\"elementor-element elementor-element-1caffc0 elementor-widget elementor-widget-wd_title\" data-id=\"1caffc0\" data-element_type=\"widget\" data-widget_type=\"wd_title.default\">\n<div class=\"elementor-widget-container\">\n<div class=\"title-wrapper set-mb-s reset-last-child wd-title-color-default wd-title-style-default wd-title-size-default text-left\">\n<div class=\"liner-continer\">\n<h4 class=\"woodmart-title-container title wd-fontsize-l\">Description<\/h4>\n<p><span style=\"color: #ffffff;\">Festool Precisio CS 70 EBG \u2013 Scie semi-stationnaire 2100 W, coupe 70 mm<\/span><\/p>\n<\/div>\n<\/div>\n<\/div>\n<\/div>\n<div class=\"elementor-element elementor-element-e24b901 wd-single-content elementor-widget elementor-widget-wd_single_product_content\" data-id=\"e24b901\" data-element_type=\"widget\" data-widget_type=\"wd_single_product_content.default\">\n<div class=\"elementor-widget-container\">\n<div class=\"block-content\">\n<div class=\"product-description typo\">\n<p>Pour une utilisation mobile ou stationnaire, la\u00a0<strong>scie sur table<\/strong>\u00a0PRECISIO CS 70 de\u00a0<strong>Festool\u00a0<\/strong>est parfaitement appropri\u00e9e pour de l\u2019am\u00e9nagement int\u00e9rieur et ext\u00e9rieur<a href=\"https:\/\/shopper-markt.com\/produit\/bohmer-ag-generateur-inverter-essence-w4500i-2000w\/\">.<\/a> Elle permet de r\u00e9aliser des t\u00e2ches vari\u00e9es rapidement et efficacement.<\/p>\n<p><strong>Atouts de la PRECISION CS 70 <a href=\"https:\/\/www.lacuma-motocultures.com\/\">:<\/a><\/strong><\/p>\n<\/div>\n<p>&nbsp;<\/p>\n<\/div>\n<\/div>\n<\/div>","protected":false},"excerpt":{"rendered":"<div class=\"product-description typo\">\n<p>\u2013 Peut \u00eatre transform\u00e9e en une v\u00e9ritable station de sciage<br \/>\n\u2013\u00a0Une profondeur de coupe de 70 mm pour encore plus d\u2019applications<br \/>\n\u2013 Commutation rapide de la coupe longitudinale \u00e0 la coupe transversale gr\u00e2ce \u00e0 la but\u00e9e angulaire<br \/>\n\u2013 Sciage sans \u00e9clats des deux c\u00f4t\u00e9s gr\u00e2ce au pare-\u00e9clats<br \/>\n\u2013 El\u00e9ments de commande parfaitement visibles et dispos\u00e9s de mani\u00e8re optimale<br \/>\n\u2013 Rainure en V pour l\u2019utilisation de la but\u00e9e angulaire<br \/>\n\u2013 Extensible en tant que poste de sciage avec tous les accessoires<\/p>\n<\/div>\n<p><strong>Garantie 3 ans<\/strong><\/p>","protected":false},"featured_media":31692,"comment_status":"closed","ping_status":"closed","template":"","meta":[],"product_brand":[],"product_cat":[390],"product_tag":[],"class_list":{"0":"post-31620","1":"product","2":"type-product","3":"status-publish","4":"has-post-thumbnail","6":"product_cat-scie","8":"first","9":"instock","10":"shipping-taxable","11":"purchasable","12":"product-type-simple"},"_links":{"self":[{"href":"https:\/\/motocultureservices.com\/en\/wp-json\/wp\/v2\/product\/31620","targetHints":{"allow":["GET"]}}],"collection":[{"href":"https:\/\/motocultureservices.com\/en\/wp-json\/wp\/v2\/product"}],"about":[{"href":"https:\/\/motocultureservices.com\/en\/wp-json\/wp\/v2\/types\/product"}],"replies":[{"embeddable":true,"href":"https:\/\/motocultureservices.com\/en\/wp-json\/wp\/v2\/comments?post=31620"}],"version-history":[{"count":1,"href":"https:\/\/motocultureservices.com\/en\/wp-json\/wp\/v2\/product\/31620\/revisions"}],"predecessor-version":[{"id":31693,"href":"https:\/\/motocultureservices.com\/en\/wp-json\/wp\/v2\/product\/31620\/revisions\/31693"}],"wp:featuredmedia":[{"embeddable":true,"href":"https:\/\/motocultureservices.com\/en\/wp-json\/wp\/v2\/media\/31692"}],"wp:attachment":[{"href":"https:\/\/motocultureservices.com\/en\/wp-json\/wp\/v2\/media?parent=31620"}],"wp:term":[{"taxonomy":"product_brand","embeddable":true,"href":"https:\/\/motocultureservices.com\/en\/wp-json\/wp\/v2\/product_brand?post=31620"},{"taxonomy":"product_cat","embeddable":true,"href":"https:\/\/motocultureservices.com\/en\/wp-json\/wp\/v2\/product_cat?post=31620"},{"taxonomy":"product_tag","embeddable":true,"href":"https:\/\/motocultureservices.com\/en\/wp-json\/wp\/v2\/product_tag?post=31620"}],"curies":[{"name":"wp","href":"https:\/\/api.w.org\/{rel}","templated":true}]}}