{"id":31566,"date":"2026-02-02T20:34:06","date_gmt":"2026-02-02T20:34:06","guid":{"rendered":"https:\/\/motocultureservices.com\/?post_type=product&#038;p=31566"},"modified":"2026-02-02T20:34:34","modified_gmt":"2026-02-02T20:34:34","slug":"broyeur-a-fleaux-hydrostatique-grillo-gh-8","status":"publish","type":"product","link":"https:\/\/motocultureservices.com\/en\/product\/broyeur-a-fleaux-hydrostatique-grillo-gh-8\/","title":{"rendered":"Broyeur \u00e1 fl\u00e9aux hydrostatique Grillo GH 8"},"content":{"rendered":"<div class=\"elementor-element elementor-element-1caffc0 elementor-widget elementor-widget-wd_title\" data-id=\"1caffc0\" data-element_type=\"widget\" data-widget_type=\"wd_title.default\">\n<div class=\"elementor-widget-container\">\n<div class=\"title-wrapper set-mb-s reset-last-child wd-title-color-default wd-title-style-default wd-title-size-default text-left\">\n<div class=\"liner-continer\">\n<h4 class=\"woodmart-title-container title wd-fontsize-l\">Description<\/h4>\n<\/div>\n<\/div>\n<\/div>\n<\/div>\n<div class=\"elementor-element elementor-element-e24b901 wd-single-content elementor-widget elementor-widget-wd_single_product_content\" data-id=\"e24b901\" data-element_type=\"widget\" data-widget_type=\"wd_single_product_content.default\">\n<div class=\"elementor-widget-container\">\n<p>Con\u00e7ues pour un usage professionnel. Id\u00e9ales pour \u00e9liminer l\u2019herbe, les sarments, les branches, les v\u00e9g\u00e9tations basses, les broussailles et les chaumes.<\/p>\n<p>&nbsp;<\/p>\n<ul class=\"list2column\">\n<li>Rotor avec\u00a0<strong>16 paires de couteaux \u201cY\u201d<\/strong>. Porte ant\u00e9rieure avec volets basculants<\/li>\n<\/ul>\n<\/div>\n<\/div>","protected":false},"excerpt":{"rendered":"<p>Description Con\u00e7ues pour un usage professionnel. Id\u00e9ales pour \u00e9liminer l\u2019herbe, les sarments, les branches, les v\u00e9g\u00e9tations basses, les broussailles et<\/p>","protected":false},"featured_media":31636,"comment_status":"open","ping_status":"closed","template":"","meta":[],"product_brand":[],"product_cat":[390],"product_tag":[],"class_list":{"0":"post-31566","1":"product","2":"type-product","3":"status-publish","4":"has-post-thumbnail","6":"product_cat-scie","8":"first","9":"instock","10":"shipping-taxable","11":"purchasable","12":"product-type-simple"},"_links":{"self":[{"href":"https:\/\/motocultureservices.com\/en\/wp-json\/wp\/v2\/product\/31566","targetHints":{"allow":["GET"]}}],"collection":[{"href":"https:\/\/motocultureservices.com\/en\/wp-json\/wp\/v2\/product"}],"about":[{"href":"https:\/\/motocultureservices.com\/en\/wp-json\/wp\/v2\/types\/product"}],"replies":[{"embeddable":true,"href":"https:\/\/motocultureservices.com\/en\/wp-json\/wp\/v2\/comments?post=31566"}],"version-history":[{"count":1,"href":"https:\/\/motocultureservices.com\/en\/wp-json\/wp\/v2\/product\/31566\/revisions"}],"predecessor-version":[{"id":31637,"href":"https:\/\/motocultureservices.com\/en\/wp-json\/wp\/v2\/product\/31566\/revisions\/31637"}],"wp:featuredmedia":[{"embeddable":true,"href":"https:\/\/motocultureservices.com\/en\/wp-json\/wp\/v2\/media\/31636"}],"wp:attachment":[{"href":"https:\/\/motocultureservices.com\/en\/wp-json\/wp\/v2\/media?parent=31566"}],"wp:term":[{"taxonomy":"product_brand","embeddable":true,"href":"https:\/\/motocultureservices.com\/en\/wp-json\/wp\/v2\/product_brand?post=31566"},{"taxonomy":"product_cat","embeddable":true,"href":"https:\/\/motocultureservices.com\/en\/wp-json\/wp\/v2\/product_cat?post=31566"},{"taxonomy":"product_tag","embeddable":true,"href":"https:\/\/motocultureservices.com\/en\/wp-json\/wp\/v2\/product_tag?post=31566"}],"curies":[{"name":"wp","href":"https:\/\/api.w.org\/{rel}","templated":true}]}}