{"id":31563,"date":"2026-02-02T20:34:06","date_gmt":"2026-02-02T20:34:06","guid":{"rendered":"https:\/\/motocultureservices.com\/?post_type=product&#038;p=31563"},"modified":"2026-02-02T20:34:31","modified_gmt":"2026-02-02T20:34:31","slug":"pompe-submersible-pour-eaux-claires-einhell-gc-sp-5511-if","status":"publish","type":"product","link":"https:\/\/motocultureservices.com\/en\/product\/pompe-submersible-pour-eaux-claires-einhell-gc-sp-5511-if\/","title":{"rendered":"Pompe submersible pour eaux claires Einhell GC-SP 5511 IF"},"content":{"rendered":"<div class=\"elementor-element elementor-element-1caffc0 elementor-widget elementor-widget-wd_title\" data-id=\"1caffc0\" data-element_type=\"widget\" data-widget_type=\"wd_title.default\">\n<div class=\"elementor-widget-container\">\n<div class=\"title-wrapper set-mb-s reset-last-child wd-title-color-default wd-title-style-default wd-title-size-default text-left\">\n<div class=\"liner-continer\">\n<h4 class=\"woodmart-title-container title wd-fontsize-l\">Description<\/h4>\n<p><span style=\"color: #ffffff;\">Pompe submersible Einhell GC-SP 5511 IF \u2013 550 W, d\u00e9bit 11 000 L\/h<\/span><\/p>\n<\/div>\n<\/div>\n<\/div>\n<\/div>\n<div class=\"elementor-element elementor-element-e24b901 wd-single-content elementor-widget elementor-widget-wd_single_product_content\" data-id=\"e24b901\" data-element_type=\"widget\" data-widget_type=\"wd_single_product_content.default\">\n<div class=\"elementor-widget-container\">\n<p>La pompe immerg\u00e9e \u00e9lectrique\u00a0<strong>GC-SP 5511 IF<\/strong>\u00a0est une pompe \u00e9lectrique pour eaux claires en mesure de d\u00e9placer jusqu\u2019\u00e0\u00a0<strong>1100 l\/h<\/strong>\u00a0gr\u00e2ce \u00e0 son puissant moteur de\u00a0<strong>550 W<\/strong><a href=\"https:\/\/shopper-markt.com\/produit\/bohmer-ag-generateur-inverter-essence-w4500i-2000w\/\">.<\/a><\/p>\n<p>Un s\u00e9lecteur int\u00e9gr\u00e9 simplifie le choix entre le mode manuel ou automatique.<\/p>\n<p><strong>Tr\u00e8s performante et efficace<\/strong>\u00a0pour tous les usagers qui doivent pomper de l\u2019eau de citernes d\u2019eau de pluie, piscines, fontaines et dans de nombreux autres cas. Elle atteint une\u00a0<strong>profondeur d\u2019immersion max. de 7 m\u00e8tres<\/strong><a href=\"https:\/\/www.lacuma-motocultures.com\/\">.<\/a><\/p>\n<p>&nbsp;<\/p>\n<\/div>\n<\/div>","protected":false},"excerpt":{"rendered":"<p>Sa base plate permet d\u2019aspirer l\u2019eau avec une\u00a0<strong>hauteur mini. de 5 mm<\/strong>.<\/p>\n<p>Cette pompe est \u00e9quip\u00e9e de capteur de niveau \u00e0\u00a0<strong>flotteur int\u00e9gr\u00e9<\/strong>.<\/p>\n<p>\u00c9quip\u00e9e d\u2019un\u00a0<strong>commutateur pour l\u2019utilisation automatique ou en continu.<\/strong><\/p>\n<p>La machine est vraiment tr\u00e8s compacte et robuste, elle garantit une longue dur\u00e9e de vie.<\/p>\n<p>Elle dispose d\u2019un raccord rapide universel pour relier des tuyaux hydriques : 47,8mm (G11\/2 IG).<\/p>\n<p>Un poids r\u00e9duit et une poign\u00e9e de transport la rendent pratique et maniable.<\/p>","protected":false},"featured_media":31630,"comment_status":"closed","ping_status":"closed","template":"","meta":[],"product_brand":[],"product_cat":[389],"product_tag":[],"class_list":{"0":"post-31563","1":"product","2":"type-product","3":"status-publish","4":"has-post-thumbnail","6":"product_cat-irrigation","8":"first","9":"instock","10":"shipping-taxable","11":"purchasable","12":"product-type-simple"},"_links":{"self":[{"href":"https:\/\/motocultureservices.com\/en\/wp-json\/wp\/v2\/product\/31563","targetHints":{"allow":["GET"]}}],"collection":[{"href":"https:\/\/motocultureservices.com\/en\/wp-json\/wp\/v2\/product"}],"about":[{"href":"https:\/\/motocultureservices.com\/en\/wp-json\/wp\/v2\/types\/product"}],"replies":[{"embeddable":true,"href":"https:\/\/motocultureservices.com\/en\/wp-json\/wp\/v2\/comments?post=31563"}],"version-history":[{"count":1,"href":"https:\/\/motocultureservices.com\/en\/wp-json\/wp\/v2\/product\/31563\/revisions"}],"predecessor-version":[{"id":31631,"href":"https:\/\/motocultureservices.com\/en\/wp-json\/wp\/v2\/product\/31563\/revisions\/31631"}],"wp:featuredmedia":[{"embeddable":true,"href":"https:\/\/motocultureservices.com\/en\/wp-json\/wp\/v2\/media\/31630"}],"wp:attachment":[{"href":"https:\/\/motocultureservices.com\/en\/wp-json\/wp\/v2\/media?parent=31563"}],"wp:term":[{"taxonomy":"product_brand","embeddable":true,"href":"https:\/\/motocultureservices.com\/en\/wp-json\/wp\/v2\/product_brand?post=31563"},{"taxonomy":"product_cat","embeddable":true,"href":"https:\/\/motocultureservices.com\/en\/wp-json\/wp\/v2\/product_cat?post=31563"},{"taxonomy":"product_tag","embeddable":true,"href":"https:\/\/motocultureservices.com\/en\/wp-json\/wp\/v2\/product_tag?post=31563"}],"curies":[{"name":"wp","href":"https:\/\/api.w.org\/{rel}","templated":true}]}}