{"id":31557,"date":"2026-02-02T20:34:06","date_gmt":"2026-02-02T20:34:06","guid":{"rendered":"https:\/\/motocultureservices.com\/?post_type=product&#038;p=31557"},"modified":"2026-02-02T20:34:24","modified_gmt":"2026-02-02T20:34:24","slug":"pompe-gardena-automatique-3500-4e","status":"publish","type":"product","link":"https:\/\/motocultureservices.com\/en\/product\/pompe-gardena-automatique-3500-4e\/","title":{"rendered":"Pompe Gardena automatique 3500\/4E"},"content":{"rendered":"<div class=\"elementor-element elementor-element-1caffc0 elementor-widget elementor-widget-wd_title\" data-id=\"1caffc0\" data-element_type=\"widget\" data-widget_type=\"wd_title.default\">\n<div class=\"elementor-widget-container\">\n<div class=\"title-wrapper set-mb-s reset-last-child wd-title-color-default wd-title-style-default wd-title-size-default text-left\">\n<div class=\"liner-continer\">\n<h4 class=\"woodmart-title-container title wd-fontsize-l\">Description<\/h4>\n<p><span style=\"color: #ffffff;\">Gardena 3500\/4E \u2013 Pompe automatique maison &amp; jardin 800 W, 3 500 L\/h<\/span><\/p>\n<\/div>\n<\/div>\n<\/div>\n<\/div>\n<div class=\"elementor-element elementor-element-e24b901 wd-single-content elementor-widget elementor-widget-wd_single_product_content\" data-id=\"e24b901\" data-element_type=\"widget\" data-widget_type=\"wd_single_product_content.default\">\n<div class=\"elementor-widget-container\">\n<p><strong>La Pompe Gardena automatique 3500\/4E \u2013 800W \u2013 pour eaux claires \u2013 4,0 Bars<\/strong>\u00a0est le produit fait pour vous si vous cherchez une pompe de jardin pratique et fonctionnelle. Elle garantit une protection \u00e9lev\u00e9e gr\u00e2ce \u00e0 la fonction innovante de protection de la pompe \u00e0 sec. Dot\u00e9e de la\u00a0<strong>fonction automatique<\/strong>\u00a0: le pressostat \u00e9lectronique d\u00e9marre et arr\u00eate la pompe de mani\u00e8re automatique.<\/p>\n<p><strong>Moteur jet avec interrupteur thermique de s\u00e9curit\u00e9 :<\/strong>\u00a0n\u2019exige aucun entretien. Protection en c\u00e9ramique et syst\u00e8me \u00e0 double isolement. Sortie d\u2019eau pour vider la pompe avant l\u2019hiver. Programme pour une basse consommation d\u2019eau, permet une utilisation sans probl\u00e8me m\u00eame en cas de faible besoin en eau. \u00c9cran \u00e0 LED pour le contr\u00f4le des fonctions op\u00e9ratives de la pompe.<\/p>\n<p>La pompe est dot\u00e9e d\u2019un\u00a0<strong>moteur qui d\u00e9veloppe 800 W<\/strong>, elle r\u00e9ussit \u00e0<strong>\u00a0pr\u00e9lever de l\u2019eau jusqu\u2019\u00e0 un maximum de 7 m\u00e8tres et \u00e0 la soulever jusqu\u2019\u00e0 40 m<\/strong>. Elle travaille \u00e0 une\u00a0<strong>pression qui va de 2,5 \u00e0 4 bars<\/strong>\u00a0et garantit un<strong>\u00a0d\u00e9bit horaire de 3500 litres.<\/strong><\/p>\n<p>Cet article est particuli\u00e8rement indiqu\u00e9 pour\u00a0<strong>arroser, augmenter la pression, pr\u00e9lever ou aspirer de l\u2019eau du robinet, de l\u2019eau de pluie ou l\u2019eau de la piscine<\/strong>\u00a0qui contient du chlore. Elle n\u2019est pas adapt\u00e9e pour l\u2019eau sal\u00e9e, les substances corrosives ou facilement inflammables ou encore pour les aliments.<\/p>\n<p><span style=\"color: #ffffff;\">Gardena 3500\/4E \u2013 Pompe automatique maison &amp; jardin 800 W, 3 500 L\/h<\/span><\/p>\n<p>Le\u00a0<strong>filtre int\u00e9gr\u00e9<\/strong>\u00a0prot\u00e8ge la pompe des impuret\u00e9s et permet un fonctionnement fluide de la pompe sans interruptions.<\/p>\n<p>Gr\u00e2ce au pratique interrupteur ON\/OFF et \u00e0 la poign\u00e9e ergonomique, la pompe est tr\u00e8s pratique et facile \u00e0 utiliser. La commande multifonctions permet un d\u00e9marrage\/arr\u00eat facile manuellement comme automatiquement. 2 sorties disponibles sur le c\u00f4t\u00e9 de la sortie. En outre, elle poss\u00e8de un programme pour la basse consommation d\u2019eau et permet une utilisation sans probl\u00e8mes, m\u00eame en cas de faible besoin en eau.<\/p>\n<p>La pompe est particuli\u00e8rement facile \u00e0 utiliser. Elle poss\u00e8de une grande ouverture qui facilite le remplissage de la pompe avant son utilisation. Les supports en caoutchouc assurent une bonne stabilit\u00e9.<\/p>\n<div class=\"content\">\n<p>&nbsp;<\/p>\n<\/div>\n<\/div>\n<\/div>","protected":false},"excerpt":{"rendered":"<p>Les pompes Gardena se distinguent par la\u00a0<strong>conception allemande,<\/strong>\u00a0garantissant ainsi des performances optimales en termes de fiabilit\u00e9, r\u00e9sultats et confort d\u2019utilisation.<\/p>\n<p><strong>Attention :<\/strong><\/p>\n<p><strong>Ces pompes sont adapt\u00e9es pour le transfert de l\u2019eau (par exemple d\u2019une citerne \u00e0 l\u2019autre) ou pour la \u201cpetite\u201d irrigation par ruissellement pour le jardin. Nous ne garantissons pas la compatibilit\u00e9 de la pompe avec l\u2019utilisation combin\u00e9e avec des syst\u00e8mes d\u2019arrosage de diverses typologies ou avec de v\u00e9ritables syst\u00e8mes d\u2019irrigation, (ces derniers doivent \u00eatre con\u00e7us par un technicien avec les calculs relatifs sur le d\u00e9bit, la hauteur d\u2019\u00e9l\u00e9vation, la pression, le diam\u00e8tre des tuyaux, soupapes, buses etc\u2026) qui peuvent exiger des types de pompe plus sp\u00e9cifiques.<\/strong><\/p>","protected":false},"featured_media":31600,"comment_status":"closed","ping_status":"closed","template":"","meta":[],"product_brand":[],"product_cat":[389],"product_tag":[],"class_list":{"0":"post-31557","1":"product","2":"type-product","3":"status-publish","4":"has-post-thumbnail","6":"product_cat-irrigation","8":"first","9":"instock","10":"shipping-taxable","11":"purchasable","12":"product-type-simple"},"_links":{"self":[{"href":"https:\/\/motocultureservices.com\/en\/wp-json\/wp\/v2\/product\/31557","targetHints":{"allow":["GET"]}}],"collection":[{"href":"https:\/\/motocultureservices.com\/en\/wp-json\/wp\/v2\/product"}],"about":[{"href":"https:\/\/motocultureservices.com\/en\/wp-json\/wp\/v2\/types\/product"}],"replies":[{"embeddable":true,"href":"https:\/\/motocultureservices.com\/en\/wp-json\/wp\/v2\/comments?post=31557"}],"version-history":[{"count":1,"href":"https:\/\/motocultureservices.com\/en\/wp-json\/wp\/v2\/product\/31557\/revisions"}],"predecessor-version":[{"id":31601,"href":"https:\/\/motocultureservices.com\/en\/wp-json\/wp\/v2\/product\/31557\/revisions\/31601"}],"wp:featuredmedia":[{"embeddable":true,"href":"https:\/\/motocultureservices.com\/en\/wp-json\/wp\/v2\/media\/31600"}],"wp:attachment":[{"href":"https:\/\/motocultureservices.com\/en\/wp-json\/wp\/v2\/media?parent=31557"}],"wp:term":[{"taxonomy":"product_brand","embeddable":true,"href":"https:\/\/motocultureservices.com\/en\/wp-json\/wp\/v2\/product_brand?post=31557"},{"taxonomy":"product_cat","embeddable":true,"href":"https:\/\/motocultureservices.com\/en\/wp-json\/wp\/v2\/product_cat?post=31557"},{"taxonomy":"product_tag","embeddable":true,"href":"https:\/\/motocultureservices.com\/en\/wp-json\/wp\/v2\/product_tag?post=31557"}],"curies":[{"name":"wp","href":"https:\/\/api.w.org\/{rel}","templated":true}]}}