{"id":31555,"date":"2026-02-02T20:34:06","date_gmt":"2026-02-02T20:34:06","guid":{"rendered":"https:\/\/motocultureservices.com\/?post_type=product&#038;p=31555"},"modified":"2026-02-02T20:34:20","modified_gmt":"2026-02-02T20:34:20","slug":"ferroni-ml-i-25-pompe-a-eau-sur-prise-de-force-tracteur","status":"publish","type":"product","link":"https:\/\/motocultureservices.com\/en\/product\/ferroni-ml-i-25-pompe-a-eau-sur-prise-de-force-tracteur\/","title":{"rendered":"Ferroni ML.I 25 \u2013 Pompe \u00e0 eau sur prise de force tracteur"},"content":{"rendered":"<div class=\"elementor-element elementor-element-1caffc0 elementor-widget elementor-widget-wd_title\" data-id=\"1caffc0\" data-element_type=\"widget\" data-widget_type=\"wd_title.default\">\n<div class=\"elementor-widget-container\">\n<div class=\"title-wrapper set-mb-s reset-last-child wd-title-color-default wd-title-style-default wd-title-size-default text-left\">\n<div class=\"liner-continer\">\n<h4 class=\"woodmart-title-container title wd-fontsize-l\">Description<\/h4>\n<p><span style=\"color: #ffffff;\">Ferroni ML.I 25 \u2013 Pompe \u00e0 eau sur prise de force tracteur, 180 L\/min<\/span><\/p>\n<\/div>\n<\/div>\n<\/div>\n<\/div>\n<div class=\"elementor-element elementor-element-e24b901 wd-single-content elementor-widget elementor-widget-wd_single_product_content\" data-id=\"e24b901\" data-element_type=\"widget\" data-widget_type=\"wd_single_product_content.default\">\n<div class=\"elementor-widget-container\">\n<p>Les pompes s\u00e9rie ML sont de type autoamor\u00e7ante \u00e0 rouleaux en nylon qui s\u2019appliquent directement \u00e0 la prise de force du tracteur ou du motoculteur, sans avoir besoin de l\u2019installation d\u2019un cardan.<\/p>\n<p>La pompe pour tracteur ML.I. 25 permet de r\u00e9gler le flux de refoulement gr\u00e2ce \u00e0 la\u00a0<span id=\"umb457568\" class=\"hovertag\">valve de r\u00e9glage<\/span><strong>\u00a0pression en laiton<\/strong>.<\/p>\n<p>La pompe est en mesure de tirer du liquide toute seule, sans devoir la remplir pr\u00e9alablement.<\/p>\n<p>Elle travaille \u00e9galement en pr\u00e9sence de terrains d\u00e9nivel\u00e9s. Elle a une hauteur de refoulement de maximum de 250 m\u00e8tres.<\/p>\n<p>&nbsp;<\/p>\n<\/div>\n<\/div>","protected":false},"excerpt":{"rendered":"<p>La pompe est con\u00e7ue pour les op\u00e9rations d\u2019arrosage (avec ou sans arroseurs) ou de transvasement de n\u2019importe quel type de liquide qui ne soit pas corrosif (non adapt\u00e9e au vin).<\/p>\n<p>La diff\u00e9rence de diam\u00e8tre entre la bouche d\u2019aspiration et de refoulement (30-19 mm) permet d\u2019avoir une pression maximale de 25 bars.<\/p>\n<p>Produit\u00a0<a href=\"https:\/\/motoculturedirecte.com\/product\/pompe-a-eau-sur-prise-force-tracteur-ferroni-ml-i-25-raccords-de-30-19-mm\/#457572\">Fabriqu\u00e9 en Italie<span id=\"umb457464\" class=\"hovertag\"><\/span><\/a>.<\/p>","protected":false},"featured_media":31596,"comment_status":"closed","ping_status":"closed","template":"","meta":[],"product_brand":[],"product_cat":[389],"product_tag":[],"class_list":{"0":"post-31555","1":"product","2":"type-product","3":"status-publish","4":"has-post-thumbnail","6":"product_cat-irrigation","8":"first","9":"instock","10":"shipping-taxable","11":"purchasable","12":"product-type-simple"},"_links":{"self":[{"href":"https:\/\/motocultureservices.com\/en\/wp-json\/wp\/v2\/product\/31555","targetHints":{"allow":["GET"]}}],"collection":[{"href":"https:\/\/motocultureservices.com\/en\/wp-json\/wp\/v2\/product"}],"about":[{"href":"https:\/\/motocultureservices.com\/en\/wp-json\/wp\/v2\/types\/product"}],"replies":[{"embeddable":true,"href":"https:\/\/motocultureservices.com\/en\/wp-json\/wp\/v2\/comments?post=31555"}],"version-history":[{"count":1,"href":"https:\/\/motocultureservices.com\/en\/wp-json\/wp\/v2\/product\/31555\/revisions"}],"predecessor-version":[{"id":31597,"href":"https:\/\/motocultureservices.com\/en\/wp-json\/wp\/v2\/product\/31555\/revisions\/31597"}],"wp:featuredmedia":[{"embeddable":true,"href":"https:\/\/motocultureservices.com\/en\/wp-json\/wp\/v2\/media\/31596"}],"wp:attachment":[{"href":"https:\/\/motocultureservices.com\/en\/wp-json\/wp\/v2\/media?parent=31555"}],"wp:term":[{"taxonomy":"product_brand","embeddable":true,"href":"https:\/\/motocultureservices.com\/en\/wp-json\/wp\/v2\/product_brand?post=31555"},{"taxonomy":"product_cat","embeddable":true,"href":"https:\/\/motocultureservices.com\/en\/wp-json\/wp\/v2\/product_cat?post=31555"},{"taxonomy":"product_tag","embeddable":true,"href":"https:\/\/motocultureservices.com\/en\/wp-json\/wp\/v2\/product_tag?post=31555"}],"curies":[{"name":"wp","href":"https:\/\/api.w.org\/{rel}","templated":true}]}}