{"id":31553,"date":"2026-02-02T20:34:06","date_gmt":"2026-02-02T20:34:06","guid":{"rendered":"https:\/\/motocultureservices.com\/?post_type=product&#038;p=31553"},"modified":"2026-02-02T20:34:18","modified_gmt":"2026-02-02T20:34:18","slug":"motopompe-thermique-greenbay-gb-wp-30","status":"publish","type":"product","link":"https:\/\/motocultureservices.com\/en\/product\/motopompe-thermique-greenbay-gb-wp-30\/","title":{"rendered":"Motopompe thermique Greenbay GB-WP 30"},"content":{"rendered":"<div class=\"elementor-element elementor-element-1caffc0 elementor-widget elementor-widget-wd_title\" data-id=\"1caffc0\" data-element_type=\"widget\" data-widget_type=\"wd_title.default\">\n<div class=\"elementor-widget-container\">\n<div class=\"title-wrapper set-mb-s reset-last-child wd-title-color-default wd-title-style-default wd-title-size-default text-left\">\n<div class=\"liner-continer\">\n<h4 class=\"woodmart-title-container title wd-fontsize-l\">Description<\/h4>\n<p><span style=\"color: #ffffff;\">Motopompe thermique Greenbay GB-WP 30 \u2013 79 cm\u00b3, d\u00e9bit 167 L\/min, hauteur 17 m<\/span><\/p>\n<\/div>\n<\/div>\n<\/div>\n<\/div>\n<div class=\"elementor-element elementor-element-e24b901 wd-single-content elementor-widget elementor-widget-wd_single_product_content\" data-id=\"e24b901\" data-element_type=\"widget\" data-widget_type=\"wd_single_product_content.default\">\n<div class=\"elementor-widget-container\">\n<p><strong>La Greenbay GB-WP 30 est une motopompe d\u2019irrigation<\/strong>\u00a0id\u00e9ale pour pomper l\u2019eau de n\u2019importe quel type de source pour l\u2019irrigation par tuyau ou arroseur<a href=\"https:\/\/shopper-markt.com\/produit\/bohmer-ag-generateur-inverter-essence-w4500i-2000w\/\">.<\/a><\/p>\n<p>Elle se r\u00e9v\u00e8le fondamentale lorsqu\u2019il faut distribuer de l\u2019eau en l\u2019absence d\u2019\u00e9nergie \u00e9lectrique ou en campagne, lorsqu\u2019il faut extraire de l\u2019eau d\u2019un puits, d\u2019un \u00e9tang ou de citernes et de cuves difficiles \u00e0 atteindre ou bien lorsqu\u2019il faut drainer une cave ou un garage inond\u00e9.<\/p>\n<p>Ce mod\u00e8le a comme point de force le c\u00f4t\u00e9 pratique, en effet gr\u00e2ce au poids r\u00e9duit il se r\u00e9v\u00e8le facile \u00e0 transporter.<\/p>\n<p>La\u00a0<strong>pompe est auto-amor\u00e7ante<\/strong>\u00a0et peut commencer \u00e0 travailler simplement en remplissant l\u2019eau \u00e0 travers le bouchon appropri\u00e9 dans le corps de la pompe<a href=\"https:\/\/www.lacuma-motocultures.com\/\">.<\/a><\/p>\n<p>&nbsp;<\/p>\n<\/div>\n<\/div>","protected":false},"excerpt":{"rendered":"<p><strong>ATTENTION :<br \/>\n<\/strong><\/p>\n<ul>\n<li>Moteur sans huile, ne pas oublier de faire le plein avant l\u2019utilisation avec les bidons fournis.<\/li>\n<li>Ne pas utiliser la machine avec une pompe \u00e0 sec.<\/li>\n<\/ul>\n<hr \/>\n<p>Ces pompes sont adapt\u00e9es pour le transfert de l\u2019eau (par exemple depuis une citerne \u00e0 une autre) ou pour l\u2019arrosage \u00e0 sillons dans les champs ou les potagers.<br \/>\nNous ne garantissons pas la compatibilit\u00e9 pour une utilisation associ\u00e9e \u00e0 des arroseurs des typologies les plus vari\u00e9es ou bien \u00e0 des v\u00e9ritables installations d\u2019irrigation de tous types (qui exigent le travail d\u2019un technicien avec des calculs relatifs au d\u00e9bit, \u00e9l\u00e9vation, refoulement, pression, diam\u00e8tre des tuyaux, valves, buses, etc..) et qui peuvent exiger des typologies de pompes plus sp\u00e9cifiques pour installation.<\/p>","protected":false},"featured_media":31592,"comment_status":"closed","ping_status":"closed","template":"","meta":[],"product_brand":[],"product_cat":[389],"product_tag":[],"class_list":{"0":"post-31553","1":"product","2":"type-product","3":"status-publish","4":"has-post-thumbnail","6":"product_cat-irrigation","8":"first","9":"instock","10":"shipping-taxable","11":"purchasable","12":"product-type-simple"},"_links":{"self":[{"href":"https:\/\/motocultureservices.com\/en\/wp-json\/wp\/v2\/product\/31553","targetHints":{"allow":["GET"]}}],"collection":[{"href":"https:\/\/motocultureservices.com\/en\/wp-json\/wp\/v2\/product"}],"about":[{"href":"https:\/\/motocultureservices.com\/en\/wp-json\/wp\/v2\/types\/product"}],"replies":[{"embeddable":true,"href":"https:\/\/motocultureservices.com\/en\/wp-json\/wp\/v2\/comments?post=31553"}],"version-history":[{"count":1,"href":"https:\/\/motocultureservices.com\/en\/wp-json\/wp\/v2\/product\/31553\/revisions"}],"predecessor-version":[{"id":31593,"href":"https:\/\/motocultureservices.com\/en\/wp-json\/wp\/v2\/product\/31553\/revisions\/31593"}],"wp:featuredmedia":[{"embeddable":true,"href":"https:\/\/motocultureservices.com\/en\/wp-json\/wp\/v2\/media\/31592"}],"wp:attachment":[{"href":"https:\/\/motocultureservices.com\/en\/wp-json\/wp\/v2\/media?parent=31553"}],"wp:term":[{"taxonomy":"product_brand","embeddable":true,"href":"https:\/\/motocultureservices.com\/en\/wp-json\/wp\/v2\/product_brand?post=31553"},{"taxonomy":"product_cat","embeddable":true,"href":"https:\/\/motocultureservices.com\/en\/wp-json\/wp\/v2\/product_cat?post=31553"},{"taxonomy":"product_tag","embeddable":true,"href":"https:\/\/motocultureservices.com\/en\/wp-json\/wp\/v2\/product_tag?post=31553"}],"curies":[{"name":"wp","href":"https:\/\/api.w.org\/{rel}","templated":true}]}}