{"id":27493,"date":"2025-05-14T15:29:50","date_gmt":"2025-05-14T15:29:50","guid":{"rendered":"https:\/\/motocultureservices.com\/?page_id=27493"},"modified":"2026-02-27T12:49:23","modified_gmt":"2026-02-27T12:49:23","slug":"mentions-legales","status":"publish","type":"page","link":"https:\/\/motocultureservices.com\/en\/mentions-legales\/","title":{"rendered":"Mentions l\u00e9gales"},"content":{"rendered":"<div data-elementor-type=\"wp-page\" data-elementor-id=\"27493\" class=\"elementor elementor-27493\" data-elementor-post-type=\"page\">\n\t\t\t\t<div class=\"wd-negative-gap elementor-element elementor-element-45261fe0 e-flex e-con-boxed e-con e-parent\" data-id=\"45261fe0\" data-element_type=\"container\">\n\t\t\t\t\t<div class=\"e-con-inner\">\n\t\t\t\t<div class=\"elementor-element elementor-element-1ed1b889 color-scheme-inherit text-left elementor-widget elementor-widget-text-editor\" data-id=\"1ed1b889\" data-element_type=\"widget\" data-widget_type=\"text-editor.default\">\n\t\t\t\t<div class=\"elementor-widget-container\">\n\t\t\t\t\t\t\t\t\t\n<h3>Pr\u00e9ambule<\/h3>\n<p>Conform\u00e9ment \u00e0 l\u2019article 6 de la loi n\u00b0 2004-575 du 21 juin 2004 pour la confiance dans l\u2019\u00e9conomie num\u00e9rique, les mentions ci-dessous informent les utilisateurs et visiteurs du site web motocultureservices.com sur les mentions l\u00e9gales applicables.<\/p>\n<h3>Identification de l\u2019\u00c9diteur<\/h3>\n<p>Le site motocultureservices.com est \u00e9dit\u00e9 par Motoculture Service, immatricul\u00e9e sous le num\u00e9ro SIREN 751676164.<\/p>\n<p><br \/>Notre entreprise a \u00e9t\u00e9 cr\u00e9\u00e9e le 24 mai 2012 et est sp\u00e9cialis\u00e9e dans le secteur du Commerce de gros, \u00e0 l&rsquo;exception des automobiles et des motocycles.<\/p>\n<p>Nom de la soci\u00e9t\u00e9 : Motoculture Service<br \/>Si\u00e8ge social : 130 B CHE DE BOREAS, 38340 VOREPPE<br \/>SIREN : 751676164<br \/>Date de cr\u00e9ation : 24 mai 2012<br \/>Activit\u00e9 principale (NAF\/APE) : 4661Z<br \/>Courriel : serviceclient@motocultureservices.com<br \/>Site web : https:\/\/motocultureservices.com<br \/>T\u00e9l\u00e9phone : +33 07 74 65 39 30<\/p>\n<h3>Conditions G\u00e9n\u00e9rales d\u2019Utilisation (CGU)<\/h3>\n<p>Les utilisateurs reconnaissent avoir pris connaissance des conditions d\u2019utilisation et s\u2019engagent \u00e0 les respecter. Ils doivent utiliser un mat\u00e9riel s\u00e9curis\u00e9 et \u00e0 jour afin de pr\u00e9venir tout risque pouvant compromettre le bon fonctionnement du site, l\u2019int\u00e9grit\u00e9 des informations publi\u00e9es ou l\u2019image de SARL AU JARDIN.<\/p>\n<h3>Responsabilit\u00e9 de l\u2019\u00c9diteur<\/h3>\n<p>MOTOCULTURE SERVICES met tout en \u0153uvre pour assurer l\u2019exactitude et la mise \u00e0 jour des informations diffus\u00e9es sur son site, bien qu\u2019il ne puisse garantir cela de mani\u00e8re absolue. Les utilisateurs reconnaissent utiliser ces informations sous leur propre responsabilit\u00e9.<\/p>\n<h3>Droits de Propri\u00e9t\u00e9 Intellectuelle<\/h3>\n<p>Tous les contenus du site MOTOCULTURESERVICES.com, incluant, sans limitation, les textes, images, graphiques et logos, sont prot\u00e9g\u00e9s par les lois sur la propri\u00e9t\u00e9 intellectuelle. Toute reproduction, modification ou utilisation sans l\u2019accord pr\u00e9alable de MOTOCULTURE SERVICES est strictement interdite et susceptible de poursuites judiciaires.<\/p>\n<h3>Protection des Donn\u00e9es Personnelles<\/h3>\n<p>MOTOCULTURE SERVICES respecte la confidentialit\u00e9 des donn\u00e9es personnelles collect\u00e9es et s\u2019engage \u00e0 les traiter conform\u00e9ment aux lois et r\u00e8glements sur la protection des donn\u00e9es, y compris le RGPD. Les utilisateurs ont le droit d\u2019acc\u00e9der, de rectifier et de s\u2019opposer \u00e0 l\u2019utilisation de leurs donn\u00e9es personnelles.<\/p>\n<p>Ils peuvent exercer ces droits en contactant MOTOCULTURE SERVICES \u00e0 l\u2019adresse ci-apr\u00e8s 130 B CHE DE BOREAS, 38340 VOREPPE. Pour toute plainte ou demande concernant le traitement de vos donn\u00e9es, contactez-nous \u00e0 serviceclient@motocultureservices.com. Vous pouvez \u00e9galement saisir la CNIL.<\/p>\n<p>Pour plus d\u2019informations, veuillez consulter notre politique de confidentialit\u00e9 disponible sur notre site web.<\/p>\n\t\t\t\t\t\t\t\t<\/div>\n\t\t\t\t<\/div>\n\t\t\t\t\t<\/div>\n\t\t\t\t<\/div>\n\t\t\t\t<\/div>","protected":false},"excerpt":{"rendered":"<p>Pr\u00e9ambule Conform\u00e9ment \u00e0 l\u2019article 6 de la loi n\u00b0 2004-575 du 21 juin 2004 pour la confiance dans l\u2019\u00e9conomie num\u00e9rique,<\/p>","protected":false},"author":1,"featured_media":0,"parent":0,"menu_order":0,"comment_status":"closed","ping_status":"closed","template":"","meta":{"footnotes":""},"class_list":["post-27493","page","type-page","status-publish","hentry"],"_links":{"self":[{"href":"https:\/\/motocultureservices.com\/en\/wp-json\/wp\/v2\/pages\/27493","targetHints":{"allow":["GET"]}}],"collection":[{"href":"https:\/\/motocultureservices.com\/en\/wp-json\/wp\/v2\/pages"}],"about":[{"href":"https:\/\/motocultureservices.com\/en\/wp-json\/wp\/v2\/types\/page"}],"author":[{"embeddable":true,"href":"https:\/\/motocultureservices.com\/en\/wp-json\/wp\/v2\/users\/1"}],"replies":[{"embeddable":true,"href":"https:\/\/motocultureservices.com\/en\/wp-json\/wp\/v2\/comments?post=27493"}],"version-history":[{"count":33,"href":"https:\/\/motocultureservices.com\/en\/wp-json\/wp\/v2\/pages\/27493\/revisions"}],"predecessor-version":[{"id":32043,"href":"https:\/\/motocultureservices.com\/en\/wp-json\/wp\/v2\/pages\/27493\/revisions\/32043"}],"wp:attachment":[{"href":"https:\/\/motocultureservices.com\/en\/wp-json\/wp\/v2\/media?parent=27493"}],"curies":[{"name":"wp","href":"https:\/\/api.w.org\/{rel}","templated":true}]}}